{"id":3362,"date":"2017-02-14T15:24:57","date_gmt":"2017-02-14T14:24:57","guid":{"rendered":"http:\/\/www.idyllium.it\/idyllium\/?page_id=3362"},"modified":"2024-01-23T16:38:13","modified_gmt":"2024-01-23T15:38:13","slug":"a-dvorak","status":"publish","type":"page","link":"https:\/\/www.idyllium.it\/index.php\/discografia\/classical\/a-dvorak\/","title":{"rendered":"A. Dvo\u0159\u00e1k"},"content":{"rendered":"<div style=\"float: left; width: 100%;\">\n<p><img loading=\"lazy\" decoding=\"async\" class=\"alignleft wp-image-3497 size-full\" src=\"https:\/\/www.idyllium.it\/wp-content\/uploads\/2017\/02\/170x170bb-22-2.jpg\" width=\"170\" height=\"170\" srcset=\"https:\/\/www.idyllium.it\/wp-content\/uploads\/2017\/02\/170x170bb-22-2.jpg 170w, https:\/\/www.idyllium.it\/wp-content\/uploads\/2017\/02\/170x170bb-22-2-150x150.jpg 150w, https:\/\/www.idyllium.it\/wp-content\/uploads\/2017\/02\/170x170bb-22-2-140x140.jpg 140w\" sizes=\"(max-width: 170px) 100vw, 170px\" \/><\/p>\n<h4>Dvo\u0159\u00e1k, Mendelssohn &amp; Mozart: String Quartets<\/h4>\n<p>Download:<br \/>\n<a href=\"https:\/\/itunes.apple.com\/it\/album\/dvorak-mendelssohn-mozart\/id521539495?app=itunes&amp;ign-mpt=uo%3D4\" target=\"_blank\" rel=\"noopener\"><img loading=\"lazy\" decoding=\"async\" class=\"alignleft wp-image-2473 size-full\" src=\"http:\/\/www.idyllium.it\/idyllium\/wp-content\/uploads\/2016\/11\/iTunes.png\" alt=\"itunes\" width=\"70\" height=\"20\" \/><\/a><a href=\"https:\/\/www.amazon.com\/dp\/B007X3OU5I?ie=UTF8&amp;tag=musique006-21&amp;linkCode=as2&amp;camp=1642&amp;creative=6746&amp;creativeASIN=B007X3OU5I\" target=\"_blank\" rel=\"noopener\"><img loading=\"lazy\" decoding=\"async\" class=\"alignleft wp-image-2469 size-full\" src=\"http:\/\/www.idyllium.it\/idyllium\/wp-content\/uploads\/2016\/11\/amazon.png\" alt=\"amazon\" width=\"72\" height=\"20\" \/><\/a><a href=\"https:\/\/play.google.com\/store\/music\/album\/album?id=Bvnimf4vj2zpzqhn5zxo4njz2my\" target=\"_blank\" rel=\"noopener\"><img loading=\"lazy\" decoding=\"async\" class=\"alignleft wp-image-2472 size-full\" src=\"http:\/\/www.idyllium.it\/idyllium\/wp-content\/uploads\/2016\/11\/Google-Play.png\" alt=\"google-play\" width=\"88\" height=\"20\" \/><\/a><a href=\"https:\/\/listen.tidal.com\/album\/015070415\" target=\"_blank\" rel=\"noopener\"><img loading=\"lazy\" decoding=\"async\" class=\"alignleft wp-image-2475 size-full\" src=\"http:\/\/www.idyllium.it\/idyllium\/wp-content\/uploads\/2016\/11\/tidal.jpg\" alt=\"tidal\" width=\"41\" height=\"20\" \/><\/a><a href=\"http:\/\/www.deezer.com\/album\/2221691\" target=\"_blank\" rel=\"noopener\"><img loading=\"lazy\" decoding=\"async\" class=\"alignleft wp-image-2470 size-full\" src=\"http:\/\/www.idyllium.it\/idyllium\/wp-content\/uploads\/2016\/11\/Deezer.png\" alt=\"deezer\" width=\"90\" height=\"20\" \/><\/a><a href=\"https:\/\/play.spotify.com\/album\/1PWvPwHJ71ATejJpHWGyPi?play=true&amp;utm_source=open.spotify.com&amp;utm_medium=open\" target=\"_blank\" rel=\"noopener\"><img loading=\"lazy\" decoding=\"async\" class=\"alignleft wp-image-2474 size-full\" src=\"http:\/\/www.idyllium.it\/idyllium\/wp-content\/uploads\/2016\/11\/spotify.jpg\" alt=\"spotify\" width=\"65\" height=\"20\" \/><\/a><\/p>\n<\/div>\n<div style=\"float: left; width: 100%;\">\n<p><img loading=\"lazy\" decoding=\"async\" class=\"alignleft wp-image-3479 size-full\" src=\"https:\/\/www.idyllium.it\/wp-content\/uploads\/2017\/02\/170x170bb-15-5.jpg\" width=\"170\" height=\"170\" srcset=\"https:\/\/www.idyllium.it\/wp-content\/uploads\/2017\/02\/170x170bb-15-5.jpg 170w, https:\/\/www.idyllium.it\/wp-content\/uploads\/2017\/02\/170x170bb-15-5-150x150.jpg 150w, https:\/\/www.idyllium.it\/wp-content\/uploads\/2017\/02\/170x170bb-15-5-140x140.jpg 140w\" sizes=\"(max-width: 170px) 100vw, 170px\" \/><\/p>\n<h4><strong>Dvo\u0159\u00e1k: Symphony No. 9 in E Minor, Op. 95 &#8220;Dal nuovo mondo&#8221;<\/strong><\/h4>\n<p>Download:<br \/>\n<a href=\"https:\/\/itunes.apple.com\/it\/album\/dvorak-symphony-no.-9-in-e\/id794331129?app=itunes&amp;ign-mpt=uo%3D4\" target=\"_blank\" rel=\"noopener\"><img loading=\"lazy\" decoding=\"async\" class=\"alignleft wp-image-2473 size-full\" src=\"http:\/\/www.idyllium.it\/idyllium\/wp-content\/uploads\/2016\/11\/iTunes.png\" alt=\"itunes\" width=\"70\" height=\"20\" \/><\/a><a href=\"https:\/\/www.amazon.com\/dp\/B00HSYMLBW?ie=UTF8&amp;tag=musique006-21&amp;linkCode=as2&amp;camp=1642&amp;creative=6746&amp;creativeASIN=B00HSYMLBW\" target=\"_blank\" rel=\"noopener\"><img loading=\"lazy\" decoding=\"async\" class=\"alignleft wp-image-2469 size-full\" src=\"http:\/\/www.idyllium.it\/idyllium\/wp-content\/uploads\/2016\/11\/amazon.png\" alt=\"amazon\" width=\"72\" height=\"20\" \/><\/a><a href=\"https:\/\/play.google.com\/store\/music\/album\/album?id=Bto4nta3akqivfhgxc5nblu6wji\" target=\"_blank\" rel=\"noopener\"><img loading=\"lazy\" decoding=\"async\" class=\"alignleft wp-image-2472 size-full\" src=\"http:\/\/www.idyllium.it\/idyllium\/wp-content\/uploads\/2016\/11\/Google-Play.png\" alt=\"google-play\" width=\"88\" height=\"20\" \/><\/a><a href=\"http:\/\/www.deezer.com\/album\/7315706\" target=\"_blank\" rel=\"noopener\"><img loading=\"lazy\" decoding=\"async\" class=\"alignleft wp-image-2470 size-full\" src=\"http:\/\/www.idyllium.it\/idyllium\/wp-content\/uploads\/2016\/11\/Deezer.png\" alt=\"deezer\" width=\"90\" height=\"20\" \/><\/a><a href=\"https:\/\/listen.tidal.com\/album\/025309885\" target=\"_blank\" rel=\"noopener\"><img loading=\"lazy\" decoding=\"async\" class=\"alignleft wp-image-2475 size-full\" src=\"http:\/\/www.idyllium.it\/idyllium\/wp-content\/uploads\/2016\/11\/tidal.jpg\" alt=\"tidal\" width=\"41\" height=\"20\" \/><\/a><a href=\"https:\/\/play.spotify.com\/album\/67y7F3iVGpNeQJxxgSA6gx?play=true&amp;utm_source=open.spotify.com&amp;utm_medium=open\" target=\"_blank\" rel=\"noopener\"><img loading=\"lazy\" decoding=\"async\" class=\"alignleft wp-image-2474 size-full\" src=\"http:\/\/www.idyllium.it\/idyllium\/wp-content\/uploads\/2016\/11\/spotify.jpg\" alt=\"spotify\" width=\"65\" height=\"20\" \/><\/a><\/p>\n<\/div>\n<div style=\"float: left; width: 100%;\">\n<p><img loading=\"lazy\" decoding=\"async\" class=\"alignleft wp-image-3481 size-full\" src=\"https:\/\/www.idyllium.it\/wp-content\/uploads\/2017\/02\/170x170bb-16-4.jpg\" width=\"170\" height=\"170\" srcset=\"https:\/\/www.idyllium.it\/wp-content\/uploads\/2017\/02\/170x170bb-16-4.jpg 170w, https:\/\/www.idyllium.it\/wp-content\/uploads\/2017\/02\/170x170bb-16-4-150x150.jpg 150w, https:\/\/www.idyllium.it\/wp-content\/uploads\/2017\/02\/170x170bb-16-4-140x140.jpg 140w\" sizes=\"(max-width: 170px) 100vw, 170px\" \/><\/p>\n<h4><strong>Dvorak:The Best of Classical Music<\/strong><\/h4>\n<p>Download:<br \/>\n<a href=\"https:\/\/itunes.apple.com\/it\/album\/dvorak-best-classical-music\/id282568510?app=itunes&amp;ign-mpt=uo%3D4\" target=\"_blank\" rel=\"noopener\"><img loading=\"lazy\" decoding=\"async\" class=\"alignleft wp-image-2473 size-full\" src=\"http:\/\/www.idyllium.it\/idyllium\/wp-content\/uploads\/2016\/11\/iTunes.png\" alt=\"itunes\" width=\"70\" height=\"20\" \/><\/a><a href=\"https:\/\/www.amazon.com\/dp\/B001B8ZII4?ie=UTF8&amp;tag=musique006-21&amp;linkCode=as2&amp;camp=1642&amp;creative=6746&amp;creativeASIN=B001B8ZII4\" target=\"_blank\" rel=\"noopener\"><img loading=\"lazy\" decoding=\"async\" class=\"alignleft wp-image-2469 size-full\" src=\"http:\/\/www.idyllium.it\/idyllium\/wp-content\/uploads\/2016\/11\/amazon.png\" alt=\"amazon\" width=\"72\" height=\"20\" \/><\/a><a href=\"https:\/\/play.google.com\/store\/music\/album\/album?id=Bngdvskcqj73v6w2f6omhyttura\" target=\"_blank\" rel=\"noopener\"><img loading=\"lazy\" decoding=\"async\" class=\"alignleft wp-image-2472 size-full\" src=\"http:\/\/www.idyllium.it\/idyllium\/wp-content\/uploads\/2016\/11\/Google-Play.png\" alt=\"google-play\" width=\"88\" height=\"20\" \/><\/a><a href=\"https:\/\/www.musicme.com\/#\/ArtisName\/albums\/albumName-3661585008736.html\" target=\"_blank\" rel=\"noopener\"><img loading=\"lazy\" decoding=\"async\" class=\"alignleft wp-image-2836 size-full\" src=\"http:\/\/www.idyllium.it\/idyllium\/wp-content\/uploads\/2017\/01\/musicme-logo.png\" width=\"60\" height=\"20\" \/><\/a><a href=\"http:\/\/www.deezer.com\/album\/98085\" target=\"_blank\" rel=\"noopener\"><img loading=\"lazy\" decoding=\"async\" class=\"alignleft wp-image-2470 size-full\" src=\"http:\/\/www.idyllium.it\/idyllium\/wp-content\/uploads\/2016\/11\/Deezer.png\" alt=\"deezer\" width=\"90\" height=\"20\" \/><\/a><a href=\"https:\/\/it.7digital.com\/artist\/armonie-symphony-orchestra-uberto-pieroni\/release\/dvorak-the-best-of-classical-music\" target=\"_blank\" rel=\"noopener\"><img loading=\"lazy\" decoding=\"async\" class=\"alignleft wp-image-2468 size-full\" src=\"http:\/\/www.idyllium.it\/idyllium\/wp-content\/uploads\/2016\/11\/7digital.jpg\" width=\"63\" height=\"20\" \/><\/a><a href=\"https:\/\/listen.tidal.com\/album\/028244040\" target=\"_blank\" rel=\"noopener\"><img loading=\"lazy\" decoding=\"async\" class=\"alignleft wp-image-2475 size-full\" src=\"http:\/\/www.idyllium.it\/idyllium\/wp-content\/uploads\/2016\/11\/tidal.jpg\" alt=\"tidal\" width=\"41\" height=\"20\" \/><\/a><a href=\"https:\/\/play.spotify.com\/album\/5ETbovSyFyA8JHAs8gwFty?play=true&amp;utm_source=open.spotify.com&amp;utm_medium=open\" target=\"_blank\" rel=\"noopener\"><img loading=\"lazy\" decoding=\"async\" class=\"alignleft wp-image-2474 size-full\" src=\"http:\/\/www.idyllium.it\/idyllium\/wp-content\/uploads\/2016\/11\/spotify.jpg\" alt=\"spotify\" width=\"65\" height=\"20\" \/><\/a><\/p>\n<\/div>\n<div style=\"float: left; width: 100%;\">\n<p><img loading=\"lazy\" decoding=\"async\" class=\"alignleft wp-image-3483 size-full\" src=\"https:\/\/www.idyllium.it\/wp-content\/uploads\/2017\/02\/170x170bb-17-3.jpg\" width=\"170\" height=\"170\" srcset=\"https:\/\/www.idyllium.it\/wp-content\/uploads\/2017\/02\/170x170bb-17-3.jpg 170w, https:\/\/www.idyllium.it\/wp-content\/uploads\/2017\/02\/170x170bb-17-3-150x150.jpg 150w, https:\/\/www.idyllium.it\/wp-content\/uploads\/2017\/02\/170x170bb-17-3-140x140.jpg 140w\" sizes=\"(max-width: 170px) 100vw, 170px\" \/><\/p>\n<h4><strong>Dvo\u0159\u00e1k: Symphonies No. 8, Op. 88 and No. 9 &#8216;From the New World&#8217;, Op. 95<\/strong><\/h4>\n<p>Download:<br \/>\n<a href=\"https:\/\/itunes.apple.com\/it\/album\/dvorak-symphonies-no.-8-op.\/id340698318?app=itunes&amp;ign-mpt=uo%3D4\" target=\"_blank\" rel=\"noopener\"><img loading=\"lazy\" decoding=\"async\" class=\"alignleft wp-image-2473 size-full\" src=\"http:\/\/www.idyllium.it\/idyllium\/wp-content\/uploads\/2016\/11\/iTunes.png\" alt=\"itunes\" width=\"70\" height=\"20\" \/><\/a><a href=\"https:\/\/www.amazon.com\/dp\/B002WR82U4?ie=UTF8&amp;tag=musique006-21&amp;linkCode=as2&amp;camp=1642&amp;creative=6746&amp;creativeASIN=B002WR82U4\" target=\"_blank\" rel=\"noopener\"><img loading=\"lazy\" decoding=\"async\" class=\"alignleft wp-image-2469 size-full\" src=\"http:\/\/www.idyllium.it\/idyllium\/wp-content\/uploads\/2016\/11\/amazon.png\" alt=\"amazon\" width=\"72\" height=\"20\" \/><\/a><a href=\"https:\/\/play.google.com\/store\/music\/album\/album?id=Bmlxpxzxc7lvhchdvs4nqrjfqha\" target=\"_blank\" rel=\"noopener\"><img loading=\"lazy\" decoding=\"async\" class=\"alignleft wp-image-2472 size-full\" src=\"http:\/\/www.idyllium.it\/idyllium\/wp-content\/uploads\/2016\/11\/Google-Play.png\" alt=\"google-play\" width=\"88\" height=\"20\" \/><\/a><a href=\"http:\/\/www.emusic.com\/album\/-\/-\/11712507\/\" target=\"_blank\" rel=\"noopener\"><img loading=\"lazy\" decoding=\"async\" class=\"alignleft wp-image-2471 size-full\" src=\"http:\/\/www.idyllium.it\/idyllium\/wp-content\/uploads\/2016\/11\/eMusic.png\" alt=\"emusic\" width=\"68\" height=\"20\" \/><\/a><a href=\"http:\/\/www.deezer.com\/album\/428536\" target=\"_blank\" rel=\"noopener\"><img loading=\"lazy\" decoding=\"async\" class=\"alignleft wp-image-2470 size-full\" src=\"http:\/\/www.idyllium.it\/idyllium\/wp-content\/uploads\/2016\/11\/Deezer.png\" alt=\"deezer\" width=\"90\" height=\"20\" \/><\/a><a href=\"https:\/\/listen.tidal.com\/album\/028635505\" target=\"_blank\" rel=\"noopener\"><img loading=\"lazy\" decoding=\"async\" class=\"alignleft wp-image-2475 size-full\" src=\"http:\/\/www.idyllium.it\/idyllium\/wp-content\/uploads\/2016\/11\/tidal.jpg\" alt=\"tidal\" width=\"41\" height=\"20\" \/><\/a><a href=\"https:\/\/play.spotify.com\/album\/5MmRONzqWz5pfpDuSUP8zh?play=true&amp;utm_source=open.spotify.com&amp;utm_medium=open\" target=\"_blank\" rel=\"noopener\"><img loading=\"lazy\" decoding=\"async\" class=\"alignleft wp-image-2474 size-full\" src=\"http:\/\/www.idyllium.it\/idyllium\/wp-content\/uploads\/2016\/11\/spotify.jpg\" alt=\"spotify\" width=\"65\" height=\"20\" \/><\/a><\/p>\n<\/div>\n","protected":false},"excerpt":{"rendered":"<p>Dvo\u0159\u00e1k, Mendelssohn &amp; Mozart: String Quartets Download: Dvo\u0159\u00e1k: Symphony No. 9 in E Minor, Op. 95 &#8220;Dal nuovo mondo&#8221; Download: Dvorak:The Best of Classical Music Download: Dvo\u0159\u00e1k: Symphonies No. 8, Op. 88 and No. 9 &#8216;From the New World&#8217;, Op. 95 Download:<\/p>\n","protected":false},"author":1,"featured_media":0,"parent":3087,"menu_order":0,"comment_status":"closed","ping_status":"closed","template":"","meta":{"footnotes":""},"yoast_head":"<!-- This site is optimized with the Yoast SEO plugin v23.2 - https:\/\/yoast.com\/wordpress\/plugins\/seo\/ -->\r\n<title>A. Dvo\u0159\u00e1k - Idyllium<\/title>\r\n<meta name=\"robots\" content=\"index, follow, max-snippet:-1, max-image-preview:large, max-video-preview:-1\" \/>\r\n<link rel=\"canonical\" href=\"https:\/\/www.idyllium.it\/index.php\/discografia\/classical\/a-dvorak\/\" \/>\r\n<meta property=\"og:locale\" content=\"it_IT\" \/>\r\n<meta property=\"og:type\" content=\"article\" \/>\r\n<meta property=\"og:title\" content=\"A. Dvo\u0159\u00e1k - Idyllium\" \/>\r\n<meta property=\"og:description\" content=\"Dvo\u0159\u00e1k, Mendelssohn &amp; Mozart: String Quartets Download: Dvo\u0159\u00e1k: Symphony No. 9 in E Minor, Op. 95 &#8220;Dal nuovo mondo&#8221; Download: Dvorak:The Best of Classical Music Download: Dvo\u0159\u00e1k: Symphonies No. 8, Op. 88 and No. 9 &#8216;From the New World&#8217;, Op. 95 Download:\" \/>\r\n<meta property=\"og:url\" content=\"https:\/\/www.idyllium.it\/index.php\/discografia\/classical\/a-dvorak\/\" \/>\r\n<meta property=\"og:site_name\" content=\"Idyllium\" \/>\r\n<meta property=\"article:modified_time\" content=\"2024-01-23T15:38:13+00:00\" \/>\r\n<meta property=\"og:image\" content=\"https:\/\/www.idyllium.it\/wp-content\/uploads\/2017\/02\/170x170bb-22-2.jpg\" \/>\r\n<meta name=\"twitter:card\" content=\"summary_large_image\" \/>\r\n<meta name=\"twitter:label1\" content=\"Tempo di lettura stimato\" \/>\n\t<meta name=\"twitter:data1\" content=\"7 minuti\" \/>\r\n<script type=\"application\/ld+json\" class=\"yoast-schema-graph\">{\"@context\":\"https:\/\/schema.org\",\"@graph\":[{\"@type\":\"WebPage\",\"@id\":\"https:\/\/www.idyllium.it\/index.php\/discografia\/classical\/a-dvorak\/\",\"url\":\"https:\/\/www.idyllium.it\/index.php\/discografia\/classical\/a-dvorak\/\",\"name\":\"A. Dvo\u0159\u00e1k - Idyllium\",\"isPartOf\":{\"@id\":\"https:\/\/www.idyllium.it\/#website\"},\"primaryImageOfPage\":{\"@id\":\"https:\/\/www.idyllium.it\/index.php\/discografia\/classical\/a-dvorak\/#primaryimage\"},\"image\":{\"@id\":\"https:\/\/www.idyllium.it\/index.php\/discografia\/classical\/a-dvorak\/#primaryimage\"},\"thumbnailUrl\":\"https:\/\/www.idyllium.it\/wp-content\/uploads\/2017\/02\/170x170bb-22-2.jpg\",\"datePublished\":\"2017-02-14T14:24:57+00:00\",\"dateModified\":\"2024-01-23T15:38:13+00:00\",\"breadcrumb\":{\"@id\":\"https:\/\/www.idyllium.it\/index.php\/discografia\/classical\/a-dvorak\/#breadcrumb\"},\"inLanguage\":\"it-IT\",\"potentialAction\":[{\"@type\":\"ReadAction\",\"target\":[\"https:\/\/www.idyllium.it\/index.php\/discografia\/classical\/a-dvorak\/\"]}]},{\"@type\":\"ImageObject\",\"inLanguage\":\"it-IT\",\"@id\":\"https:\/\/www.idyllium.it\/index.php\/discografia\/classical\/a-dvorak\/#primaryimage\",\"url\":\"https:\/\/www.idyllium.it\/wp-content\/uploads\/2017\/02\/170x170bb-22-2.jpg\",\"contentUrl\":\"https:\/\/www.idyllium.it\/wp-content\/uploads\/2017\/02\/170x170bb-22-2.jpg\",\"width\":170,\"height\":170},{\"@type\":\"BreadcrumbList\",\"@id\":\"https:\/\/www.idyllium.it\/index.php\/discografia\/classical\/a-dvorak\/#breadcrumb\",\"itemListElement\":[{\"@type\":\"ListItem\",\"position\":1,\"name\":\"Home\",\"item\":\"https:\/\/www.idyllium.it\/\"},{\"@type\":\"ListItem\",\"position\":2,\"name\":\"DISCOGRAFIA\",\"item\":\"https:\/\/www.idyllium.it\/index.php\/discografia\/\"},{\"@type\":\"ListItem\",\"position\":3,\"name\":\"Classical\",\"item\":\"https:\/\/www.idyllium.it\/index.php\/discografia\/classical\/\"},{\"@type\":\"ListItem\",\"position\":4,\"name\":\"A. Dvo\u0159\u00e1k\"}]},{\"@type\":\"WebSite\",\"@id\":\"https:\/\/www.idyllium.it\/#website\",\"url\":\"https:\/\/www.idyllium.it\/\",\"name\":\"Idyllium\",\"description\":\"Music Publishing\",\"potentialAction\":[{\"@type\":\"SearchAction\",\"target\":{\"@type\":\"EntryPoint\",\"urlTemplate\":\"https:\/\/www.idyllium.it\/?s={search_term_string}\"},\"query-input\":\"required name=search_term_string\"}],\"inLanguage\":\"it-IT\"}]}<\/script>\r\n<!-- \/ Yoast SEO plugin. -->","yoast_head_json":{"title":"A. Dvo\u0159\u00e1k - Idyllium","robots":{"index":"index","follow":"follow","max-snippet":"max-snippet:-1","max-image-preview":"max-image-preview:large","max-video-preview":"max-video-preview:-1"},"canonical":"https:\/\/www.idyllium.it\/index.php\/discografia\/classical\/a-dvorak\/","og_locale":"it_IT","og_type":"article","og_title":"A. Dvo\u0159\u00e1k - Idyllium","og_description":"Dvo\u0159\u00e1k, Mendelssohn &amp; Mozart: String Quartets Download: Dvo\u0159\u00e1k: Symphony No. 9 in E Minor, Op. 95 &#8220;Dal nuovo mondo&#8221; Download: Dvorak:The Best of Classical Music Download: Dvo\u0159\u00e1k: Symphonies No. 8, Op. 88 and No. 9 &#8216;From the New World&#8217;, Op. 95 Download:","og_url":"https:\/\/www.idyllium.it\/index.php\/discografia\/classical\/a-dvorak\/","og_site_name":"Idyllium","article_modified_time":"2024-01-23T15:38:13+00:00","og_image":[{"url":"https:\/\/www.idyllium.it\/wp-content\/uploads\/2017\/02\/170x170bb-22-2.jpg"}],"twitter_card":"summary_large_image","twitter_misc":{"Tempo di lettura stimato":"7 minuti"},"schema":{"@context":"https:\/\/schema.org","@graph":[{"@type":"WebPage","@id":"https:\/\/www.idyllium.it\/index.php\/discografia\/classical\/a-dvorak\/","url":"https:\/\/www.idyllium.it\/index.php\/discografia\/classical\/a-dvorak\/","name":"A. Dvo\u0159\u00e1k - Idyllium","isPartOf":{"@id":"https:\/\/www.idyllium.it\/#website"},"primaryImageOfPage":{"@id":"https:\/\/www.idyllium.it\/index.php\/discografia\/classical\/a-dvorak\/#primaryimage"},"image":{"@id":"https:\/\/www.idyllium.it\/index.php\/discografia\/classical\/a-dvorak\/#primaryimage"},"thumbnailUrl":"https:\/\/www.idyllium.it\/wp-content\/uploads\/2017\/02\/170x170bb-22-2.jpg","datePublished":"2017-02-14T14:24:57+00:00","dateModified":"2024-01-23T15:38:13+00:00","breadcrumb":{"@id":"https:\/\/www.idyllium.it\/index.php\/discografia\/classical\/a-dvorak\/#breadcrumb"},"inLanguage":"it-IT","potentialAction":[{"@type":"ReadAction","target":["https:\/\/www.idyllium.it\/index.php\/discografia\/classical\/a-dvorak\/"]}]},{"@type":"ImageObject","inLanguage":"it-IT","@id":"https:\/\/www.idyllium.it\/index.php\/discografia\/classical\/a-dvorak\/#primaryimage","url":"https:\/\/www.idyllium.it\/wp-content\/uploads\/2017\/02\/170x170bb-22-2.jpg","contentUrl":"https:\/\/www.idyllium.it\/wp-content\/uploads\/2017\/02\/170x170bb-22-2.jpg","width":170,"height":170},{"@type":"BreadcrumbList","@id":"https:\/\/www.idyllium.it\/index.php\/discografia\/classical\/a-dvorak\/#breadcrumb","itemListElement":[{"@type":"ListItem","position":1,"name":"Home","item":"https:\/\/www.idyllium.it\/"},{"@type":"ListItem","position":2,"name":"DISCOGRAFIA","item":"https:\/\/www.idyllium.it\/index.php\/discografia\/"},{"@type":"ListItem","position":3,"name":"Classical","item":"https:\/\/www.idyllium.it\/index.php\/discografia\/classical\/"},{"@type":"ListItem","position":4,"name":"A. Dvo\u0159\u00e1k"}]},{"@type":"WebSite","@id":"https:\/\/www.idyllium.it\/#website","url":"https:\/\/www.idyllium.it\/","name":"Idyllium","description":"Music Publishing","potentialAction":[{"@type":"SearchAction","target":{"@type":"EntryPoint","urlTemplate":"https:\/\/www.idyllium.it\/?s={search_term_string}"},"query-input":"required name=search_term_string"}],"inLanguage":"it-IT"}]}},"_links":{"self":[{"href":"https:\/\/www.idyllium.it\/index.php\/wp-json\/wp\/v2\/pages\/3362"}],"collection":[{"href":"https:\/\/www.idyllium.it\/index.php\/wp-json\/wp\/v2\/pages"}],"about":[{"href":"https:\/\/www.idyllium.it\/index.php\/wp-json\/wp\/v2\/types\/page"}],"author":[{"embeddable":true,"href":"https:\/\/www.idyllium.it\/index.php\/wp-json\/wp\/v2\/users\/1"}],"replies":[{"embeddable":true,"href":"https:\/\/www.idyllium.it\/index.php\/wp-json\/wp\/v2\/comments?post=3362"}],"version-history":[{"count":1,"href":"https:\/\/www.idyllium.it\/index.php\/wp-json\/wp\/v2\/pages\/3362\/revisions"}],"predecessor-version":[{"id":28474,"href":"https:\/\/www.idyllium.it\/index.php\/wp-json\/wp\/v2\/pages\/3362\/revisions\/28474"}],"up":[{"embeddable":true,"href":"https:\/\/www.idyllium.it\/index.php\/wp-json\/wp\/v2\/pages\/3087"}],"wp:attachment":[{"href":"https:\/\/www.idyllium.it\/index.php\/wp-json\/wp\/v2\/media?parent=3362"}],"curies":[{"name":"wp","href":"https:\/\/api.w.org\/{rel}","templated":true}]}}