{"id":2662,"date":"2017-01-10T17:42:36","date_gmt":"2017-01-10T16:42:36","guid":{"rendered":"http:\/\/www.idyllium.it\/idyllium\/?page_id=2662"},"modified":"2024-01-23T22:18:35","modified_gmt":"2024-01-23T21:18:35","slug":"samson-movsesyan","status":"publish","type":"page","link":"https:\/\/www.idyllium.it\/index.php\/artisti\/samson-movsesyan\/","title":{"rendered":"Samson Movsesyan"},"content":{"rendered":"<p style=\"text-align: justify;\"><img decoding=\"async\" class=\"alignleft size-medium\" src=\"http:\/\/www.idyllium.it\/images\/Samson_1_small.JPG\" alt=\"\" width=\"\" height=\"\" \/>\u00c8 nato il 22 aprile 1973, nella solare nazione Armenia nella citt\u00e0 di Vanazor; gli armeni, sono un popolo molto musicale che portano avanti nei secoli, le pi\u00f9 profondi tradizioni della Musica Popolare dei loro antenati; l`Armenia, pur essendo una piccola repubblica, \u00e8 ricca di tradizioni, musica e feste popolari.<br \/>\nAlla tenera et\u00e0 di otto anni, il nostro Artista viene iscritto dai suoi genitori, alla scuola musicale della sua citt\u00e0 natale, per intraprendere la difficile strada dello studio del Violino; Samson, cap\u00ec subito che la Musica Classica, era il fondamento per gettare le basi solide di un vero musicista, ma la sua passione, gli fece apprezzare anche la musica popolare, e cap\u00ec che vi erano altri orizzonti musicali da esplorare.<br \/>\nNegli anni ottanta, in Armenia era molto popolare il Festival di Sanremo, ed il giovane musicista, seguiva con attenzione e crescente interesse apprezzando la melodia italiana, senza trascurare ed ammirare per\u00f2, le composizioni degli autori russi. Da qui, si forma ancora pi\u00f9 forte la passione e il desiderio di continuare a studiare e, si avvicina allo strumento della chitarra che ama accompagnarsi e cantare le melodie che lo entusiasmano. Samson, ricorda con affetto e gratitudine il suo insegnante, che gli apri le porte alla melodia anglosassone, con le indimenticabili canzoni dei Beatles, che egli amava eseguire per il suo allievo preferito.<br \/>\nDopo il decimo anno di scuola, decide di trasferirsi in Russia, nella ridente citt\u00e0 di Belgorod (famosa per la sua atleta oro mondiale Regina Korkina), si iscrive al Collegio Musicale e Culturale nella classe di saxofono, qui il musicista si apre al linguaggio Jazz, musica piena di liberta ed improvvisazione terminando lo stage nel 1992, per poi prosegue gli studi all\u2019accademia di Karkov, sino al 1996 insediandosi come insegnante, nella &#8220;Accademia Musicale&#8221; in Belgorod.<br \/>\nSamson, Musicista impeccabile, capace di incantare per la sua tecnica strumentale e vocale, alterna fraseggi jazz a preziosismi acustici con il suo magico strumento, il &#8220;duduk&#8221;, un antico strumento armeno, costruito in un unico pezzo di legno di albicocco, che affonda le sue radici nell\u2019antichit\u00e0, chiunque l\u2019abbia ascoltato, resta catturato dalla magica sonorit\u00e0 che ne esce lasciando un ricordo magicamente indelebile, Samson, usa spesso questo strumento nelle sue composizioni, ed \u00e8 per lui un ineguagliabile fonte di ispirazione e creativit\u00e0.<br \/>\nNel 2002, Samson da vita al progetto\u00a0&#8220;White Jazz Band&#8221;\u00a0gruppo jazz con ottimi musicisti russi, rapidamente conquistano il pubblico che li ama e li segue in ogni loro concerto. La White Jazz Band, \u00e8 presente ogni anno, al Festival pi\u00f9 importante della Russia \u201dProvincia del Jazz\u201d manifestazione che dura tutto l\u2019anno, il gruppo si sposta continuamente in tutte le citt\u00e0 della Russia; dove Samson, durante gli eventi, diventa anche mattatore presentando i gruppi e tenendo stage per gli appassionati; il ciclo delle manifestazioni termina il mese di maggio, al festival Jazz di Belgorod.<br \/>\nNel 2005, durante un esibizione all`Art Studio di Belgorot (Russia), con\u00a0 la White Jazz Band, Samson conosce Louis Viviers (Produttore Artistico per conto della Idyllium Music Publishing di Milano), che ne apprezza le qualit\u00e0 e propone la prima di una serie di produzioni. Il CD \u00e8 stato prodotto da Sabino Mogavero e pubblicato dalla Idyllium di Milano; titolo: \u201cJAZZ COLLECTION Vol. 1\u201d che racchiude alcune opere jazz, dei pi\u00f9 noti autori internazionali, in particolare si segnala l\u2019opera strumentale suonata con il DUDUK da Samson, dedicata al musicista &#8220;Komitas&#8221; (uno dei pi\u00f9 grandi e rari suonatori di questo strumento dal magico suono), oltre a Ch. Corea, F. Fisher, K.Garret, A.C. Jobim e&#8230;<\/p>\n<p><strong><a href=\"http:\/\/www.bel.ru\/news\/culture\/2005\/12\/12\/16916.html\" target=\"_blank\" rel=\"noopener\">Recensione in Lingua Originale Russa<\/a><\/strong><\/p>\n<hr \/>\n<div style=\"float: left; width: 100%;\">\n<p><img loading=\"lazy\" decoding=\"async\" class=\"alignleft wp-image-3028 size-full\" src=\"http:\/\/www.idyllium.it\/idyllium\/wp-content\/uploads\/2017\/01\/170x170bb-40.jpg\" width=\"170\" height=\"170\" srcset=\"https:\/\/www.idyllium.it\/wp-content\/uploads\/2017\/01\/170x170bb-40.jpg 170w, https:\/\/www.idyllium.it\/wp-content\/uploads\/2017\/01\/170x170bb-40-150x150.jpg 150w, https:\/\/www.idyllium.it\/wp-content\/uploads\/2017\/01\/170x170bb-40-140x140.jpg 140w\" sizes=\"(max-width: 170px) 100vw, 170px\" \/><\/p>\n<h4><strong>Jazz Collection Vol. 1<\/strong><\/h4>\n<p>Download:<br \/>\n<a href=\"https:\/\/itunes.apple.com\/ke\/album\/jazz-collection-vol.-1\/id282560083\" target=\"_blank\" rel=\"noopener\"><img loading=\"lazy\" decoding=\"async\" class=\"alignleft\" src=\"http:\/\/www.idyllium.it\/idyllium\/wp-content\/uploads\/2016\/11\/iTunes.png\" alt=\"itunes\" width=\"70\" height=\"20\" \/><\/a><a href=\"https:\/\/www.amazon.com\/dp\/B001B1HNGQ?ie=UTF8&amp;tag=musique006-21&amp;linkCode=as2&amp;camp=1642&amp;creative=6746&amp;creativeASIN=B001B1HNGQ\" target=\"_blank\" rel=\"noopener\"><img loading=\"lazy\" decoding=\"async\" class=\"alignleft wp-image-2469 size-full\" src=\"http:\/\/www.idyllium.it\/idyllium\/wp-content\/uploads\/2016\/11\/amazon.png\" alt=\"amazon\" width=\"72\" height=\"20\" \/><\/a><img loading=\"lazy\" decoding=\"async\" class=\"alignleft wp-image-2498 size-full\" src=\"http:\/\/www.idyllium.it\/idyllium\/wp-content\/uploads\/2016\/11\/starzik.jpg\" width=\"83\" height=\"20\" \/><a href=\"http:\/\/www.emusic.com\/album\/-\/-\/11236922\/\" target=\"_blank\" rel=\"noopener\"><img loading=\"lazy\" decoding=\"async\" class=\"alignleft wp-image-2471 size-full\" src=\"http:\/\/www.idyllium.it\/idyllium\/wp-content\/uploads\/2016\/11\/eMusic.png\" alt=\"emusic\" width=\"68\" height=\"20\" \/><\/a><a href=\"http:\/\/www.deezer.com\/album\/97493\" target=\"_blank\" rel=\"noopener\"><img loading=\"lazy\" decoding=\"async\" class=\"alignleft wp-image-2470 size-full\" src=\"http:\/\/www.idyllium.it\/idyllium\/wp-content\/uploads\/2016\/11\/Deezer.png\" alt=\"deezer\" width=\"90\" height=\"20\" \/><\/a><a href=\"https:\/\/play.spotify.com\/album\/423wi9OzW1lUq9gR3ZIkgY?play=true&amp;utm_source=open.spotify.com&amp;utm_medium=open\" target=\"_blank\" rel=\"noopener\"><img loading=\"lazy\" decoding=\"async\" class=\"alignleft wp-image-2474 size-full\" src=\"http:\/\/www.idyllium.it\/idyllium\/wp-content\/uploads\/2016\/11\/spotify.jpg\" alt=\"spotify\" width=\"65\" height=\"20\" \/><\/a><\/p>\n<\/div>\n","protected":false},"excerpt":{"rendered":"<p>\u00c8 nato il 22 aprile 1973, nella solare nazione Armenia nella citt\u00e0 di Vanazor; gli armeni, sono un popolo molto musicale che portano avanti nei secoli, le pi\u00f9 profondi tradizioni della Musica Popolare dei loro antenati; l`Armenia, pur essendo una piccola repubblica, \u00e8 ricca di tradizioni, musica e feste popolari.<\/p>\n","protected":false},"author":1,"featured_media":0,"parent":1995,"menu_order":0,"comment_status":"closed","ping_status":"closed","template":"","meta":{"footnotes":""},"yoast_head":"<!-- This site is optimized with the Yoast SEO plugin v23.2 - https:\/\/yoast.com\/wordpress\/plugins\/seo\/ -->\r\n<title>Samson Movsesyan - Idyllium<\/title>\r\n<meta name=\"robots\" content=\"index, follow, max-snippet:-1, max-image-preview:large, max-video-preview:-1\" \/>\r\n<link rel=\"canonical\" href=\"https:\/\/www.idyllium.it\/index.php\/artisti\/samson-movsesyan\/\" \/>\r\n<meta property=\"og:locale\" content=\"it_IT\" \/>\r\n<meta property=\"og:type\" content=\"article\" \/>\r\n<meta property=\"og:title\" content=\"Samson Movsesyan - Idyllium\" \/>\r\n<meta property=\"og:description\" content=\"\u00c8 nato il 22 aprile 1973, nella solare nazione Armenia nella citt\u00e0 di Vanazor; gli armeni, sono un popolo molto musicale che portano avanti nei secoli, le pi\u00f9 profondi tradizioni della Musica Popolare dei loro antenati; l`Armenia, pur essendo una piccola repubblica, \u00e8 ricca di tradizioni, musica e feste popolari.\" \/>\r\n<meta property=\"og:url\" content=\"https:\/\/www.idyllium.it\/index.php\/artisti\/samson-movsesyan\/\" \/>\r\n<meta property=\"og:site_name\" content=\"Idyllium\" \/>\r\n<meta property=\"article:modified_time\" content=\"2024-01-23T21:18:35+00:00\" \/>\r\n<meta property=\"og:image\" content=\"http:\/\/www.idyllium.it\/images\/Samson_1_small.JPG\" \/>\r\n<meta name=\"twitter:card\" content=\"summary_large_image\" \/>\r\n<meta name=\"twitter:label1\" content=\"Tempo di lettura stimato\" \/>\n\t<meta name=\"twitter:data1\" content=\"5 minuti\" \/>\r\n<script type=\"application\/ld+json\" class=\"yoast-schema-graph\">{\"@context\":\"https:\/\/schema.org\",\"@graph\":[{\"@type\":\"WebPage\",\"@id\":\"https:\/\/www.idyllium.it\/index.php\/artisti\/samson-movsesyan\/\",\"url\":\"https:\/\/www.idyllium.it\/index.php\/artisti\/samson-movsesyan\/\",\"name\":\"Samson Movsesyan - Idyllium\",\"isPartOf\":{\"@id\":\"https:\/\/www.idyllium.it\/#website\"},\"primaryImageOfPage\":{\"@id\":\"https:\/\/www.idyllium.it\/index.php\/artisti\/samson-movsesyan\/#primaryimage\"},\"image\":{\"@id\":\"https:\/\/www.idyllium.it\/index.php\/artisti\/samson-movsesyan\/#primaryimage\"},\"thumbnailUrl\":\"http:\/\/www.idyllium.it\/images\/Samson_1_small.JPG\",\"datePublished\":\"2017-01-10T16:42:36+00:00\",\"dateModified\":\"2024-01-23T21:18:35+00:00\",\"breadcrumb\":{\"@id\":\"https:\/\/www.idyllium.it\/index.php\/artisti\/samson-movsesyan\/#breadcrumb\"},\"inLanguage\":\"it-IT\",\"potentialAction\":[{\"@type\":\"ReadAction\",\"target\":[\"https:\/\/www.idyllium.it\/index.php\/artisti\/samson-movsesyan\/\"]}]},{\"@type\":\"ImageObject\",\"inLanguage\":\"it-IT\",\"@id\":\"https:\/\/www.idyllium.it\/index.php\/artisti\/samson-movsesyan\/#primaryimage\",\"url\":\"http:\/\/www.idyllium.it\/images\/Samson_1_small.JPG\",\"contentUrl\":\"http:\/\/www.idyllium.it\/images\/Samson_1_small.JPG\"},{\"@type\":\"BreadcrumbList\",\"@id\":\"https:\/\/www.idyllium.it\/index.php\/artisti\/samson-movsesyan\/#breadcrumb\",\"itemListElement\":[{\"@type\":\"ListItem\",\"position\":1,\"name\":\"Home\",\"item\":\"https:\/\/www.idyllium.it\/\"},{\"@type\":\"ListItem\",\"position\":2,\"name\":\"ARTISTI\",\"item\":\"https:\/\/www.idyllium.it\/index.php\/artisti\/\"},{\"@type\":\"ListItem\",\"position\":3,\"name\":\"Samson Movsesyan\"}]},{\"@type\":\"WebSite\",\"@id\":\"https:\/\/www.idyllium.it\/#website\",\"url\":\"https:\/\/www.idyllium.it\/\",\"name\":\"Idyllium\",\"description\":\"Music Publishing\",\"potentialAction\":[{\"@type\":\"SearchAction\",\"target\":{\"@type\":\"EntryPoint\",\"urlTemplate\":\"https:\/\/www.idyllium.it\/?s={search_term_string}\"},\"query-input\":\"required name=search_term_string\"}],\"inLanguage\":\"it-IT\"}]}<\/script>\r\n<!-- \/ Yoast SEO plugin. -->","yoast_head_json":{"title":"Samson Movsesyan - Idyllium","robots":{"index":"index","follow":"follow","max-snippet":"max-snippet:-1","max-image-preview":"max-image-preview:large","max-video-preview":"max-video-preview:-1"},"canonical":"https:\/\/www.idyllium.it\/index.php\/artisti\/samson-movsesyan\/","og_locale":"it_IT","og_type":"article","og_title":"Samson Movsesyan - Idyllium","og_description":"\u00c8 nato il 22 aprile 1973, nella solare nazione Armenia nella citt\u00e0 di Vanazor; gli armeni, sono un popolo molto musicale che portano avanti nei secoli, le pi\u00f9 profondi tradizioni della Musica Popolare dei loro antenati; l`Armenia, pur essendo una piccola repubblica, \u00e8 ricca di tradizioni, musica e feste popolari.","og_url":"https:\/\/www.idyllium.it\/index.php\/artisti\/samson-movsesyan\/","og_site_name":"Idyllium","article_modified_time":"2024-01-23T21:18:35+00:00","og_image":[{"url":"http:\/\/www.idyllium.it\/images\/Samson_1_small.JPG"}],"twitter_card":"summary_large_image","twitter_misc":{"Tempo di lettura stimato":"5 minuti"},"schema":{"@context":"https:\/\/schema.org","@graph":[{"@type":"WebPage","@id":"https:\/\/www.idyllium.it\/index.php\/artisti\/samson-movsesyan\/","url":"https:\/\/www.idyllium.it\/index.php\/artisti\/samson-movsesyan\/","name":"Samson Movsesyan - Idyllium","isPartOf":{"@id":"https:\/\/www.idyllium.it\/#website"},"primaryImageOfPage":{"@id":"https:\/\/www.idyllium.it\/index.php\/artisti\/samson-movsesyan\/#primaryimage"},"image":{"@id":"https:\/\/www.idyllium.it\/index.php\/artisti\/samson-movsesyan\/#primaryimage"},"thumbnailUrl":"http:\/\/www.idyllium.it\/images\/Samson_1_small.JPG","datePublished":"2017-01-10T16:42:36+00:00","dateModified":"2024-01-23T21:18:35+00:00","breadcrumb":{"@id":"https:\/\/www.idyllium.it\/index.php\/artisti\/samson-movsesyan\/#breadcrumb"},"inLanguage":"it-IT","potentialAction":[{"@type":"ReadAction","target":["https:\/\/www.idyllium.it\/index.php\/artisti\/samson-movsesyan\/"]}]},{"@type":"ImageObject","inLanguage":"it-IT","@id":"https:\/\/www.idyllium.it\/index.php\/artisti\/samson-movsesyan\/#primaryimage","url":"http:\/\/www.idyllium.it\/images\/Samson_1_small.JPG","contentUrl":"http:\/\/www.idyllium.it\/images\/Samson_1_small.JPG"},{"@type":"BreadcrumbList","@id":"https:\/\/www.idyllium.it\/index.php\/artisti\/samson-movsesyan\/#breadcrumb","itemListElement":[{"@type":"ListItem","position":1,"name":"Home","item":"https:\/\/www.idyllium.it\/"},{"@type":"ListItem","position":2,"name":"ARTISTI","item":"https:\/\/www.idyllium.it\/index.php\/artisti\/"},{"@type":"ListItem","position":3,"name":"Samson Movsesyan"}]},{"@type":"WebSite","@id":"https:\/\/www.idyllium.it\/#website","url":"https:\/\/www.idyllium.it\/","name":"Idyllium","description":"Music Publishing","potentialAction":[{"@type":"SearchAction","target":{"@type":"EntryPoint","urlTemplate":"https:\/\/www.idyllium.it\/?s={search_term_string}"},"query-input":"required name=search_term_string"}],"inLanguage":"it-IT"}]}},"_links":{"self":[{"href":"https:\/\/www.idyllium.it\/index.php\/wp-json\/wp\/v2\/pages\/2662"}],"collection":[{"href":"https:\/\/www.idyllium.it\/index.php\/wp-json\/wp\/v2\/pages"}],"about":[{"href":"https:\/\/www.idyllium.it\/index.php\/wp-json\/wp\/v2\/types\/page"}],"author":[{"embeddable":true,"href":"https:\/\/www.idyllium.it\/index.php\/wp-json\/wp\/v2\/users\/1"}],"replies":[{"embeddable":true,"href":"https:\/\/www.idyllium.it\/index.php\/wp-json\/wp\/v2\/comments?post=2662"}],"version-history":[{"count":2,"href":"https:\/\/www.idyllium.it\/index.php\/wp-json\/wp\/v2\/pages\/2662\/revisions"}],"predecessor-version":[{"id":28580,"href":"https:\/\/www.idyllium.it\/index.php\/wp-json\/wp\/v2\/pages\/2662\/revisions\/28580"}],"up":[{"embeddable":true,"href":"https:\/\/www.idyllium.it\/index.php\/wp-json\/wp\/v2\/pages\/1995"}],"wp:attachment":[{"href":"https:\/\/www.idyllium.it\/index.php\/wp-json\/wp\/v2\/media?parent=2662"}],"curies":[{"name":"wp","href":"https:\/\/api.w.org\/{rel}","templated":true}]}}