{"id":2636,"date":"2017-01-10T17:38:48","date_gmt":"2017-01-10T16:38:48","guid":{"rendered":"http:\/\/www.idyllium.it\/idyllium\/?page_id=2636"},"modified":"2024-01-23T22:13:17","modified_gmt":"2024-01-23T21:13:17","slug":"denise-bizzi","status":"publish","type":"page","link":"https:\/\/www.idyllium.it\/index.php\/artisti\/denise-bizzi\/","title":{"rendered":"Denise Bizzi"},"content":{"rendered":"<p style=\"text-align: justify;\"><img loading=\"lazy\" decoding=\"async\" class=\"alignleft size-medium\" src=\"http:\/\/www.idyllium.it\/images\/Denise_1.jpg\" alt=\"\" width=\"288\" height=\"438\" \/>NASCE A LIVORNO IL 22.01.1979, L\u2019AMORE PER IL CANTO LO DEVE TUTTO AL NONNO, CHE LE HA TRASMESSO QUESTA PASSIONE E MOLTE SONO LE OCCASIONI CHE CANTA SOLO PER LUI, DA MOLTI ANNI STUDIA PERCH\u00c8 VUOLE PERFEZIONARE LE SUE GIA&#8217; OTTIME QUALIT\u00c0 MA DENISE, VUOLE SOPRATTUTTO CRESCERE ARTISTICAMENTE SEMPRE DI PI\u00d9.<br \/>\nLA COSTANZA, BRAVURA E PROFESSIONALITA!, HANNO PREMIATO DENISE, INFATTI, SONO ARRIVATE LE PRIME SODDISFAZIONI CHE FANNO BEN SPERARE PER LA SUA CARRIERA DI CANTANTE, HA VINTO SVARIATE MANIFESTAZIONI A LIVELLO REGIONALI E NAZIONALI, NEL DICEMBRE DEL 2004, E\u2019 STATA PREMIATA DA \u201cGRAZIA DE MICHELE\u201d COME MIGLIOR VOCE DEL 5\u00b0 FESTIVAL NAZIONALE DELLA CANZONE D\u2019AUTORE \u201cDIS-CANTO\u201d PATROCINATA DAL COMUNE DI PISA E LIVORNO, \u00c8 STATA SELEZIONATA TRA PIU! DI 100 ARTISTI E FRA 54 CANTANTI FINALISTI, SI \u00c8 PIAZZATA AL QUARTO POSTO ASSOLUTO, CON UNA CANZONE SCRITTA DA CECCANTI\/MICHELETTI.<br \/>\nDENISE BIZZI, HA INTERPRETATO ALCUNE CANZONI SCRITTE DA CECCANTI E MICHELETTI, CHE SONO STATE INSERITE NEL NUOVO CD DI FABIO CECCANTI, &#8220;Jokerman l&#8217;Artista&#8221; PRODOTTO DA SABINO MOGAVERO E PUBBLICATO DALLA IDYLLIUM MUSIC PUBLISHING DI MILANO CHE HA STRETTO ACCORDI INTERNAZIONALI CON LA BLUE PIE PRODUCTION IN AUSTRALIA PER LA DISTRIBUZIONE NEI SEGUENTI PAESI: AUSTRALIA, U.S.A. UK. CANADA, NEW ZELANDA, GERMANIA E FRANCIA.<\/p>\n<hr \/>\n<div style=\"float: left; width: 100%;\">\n<p><img loading=\"lazy\" decoding=\"async\" class=\"alignleft wp-image-3001 size-full\" src=\"http:\/\/www.idyllium.it\/idyllium\/wp-content\/uploads\/2017\/01\/170x170bb-6-3.jpg\" width=\"170\" height=\"170\" srcset=\"https:\/\/www.idyllium.it\/wp-content\/uploads\/2017\/01\/170x170bb-6-3.jpg 170w, https:\/\/www.idyllium.it\/wp-content\/uploads\/2017\/01\/170x170bb-6-3-150x150.jpg 150w, https:\/\/www.idyllium.it\/wp-content\/uploads\/2017\/01\/170x170bb-6-3-140x140.jpg 140w\" sizes=\"(max-width: 170px) 100vw, 170px\" \/><\/p>\n<h4><strong>Jokerman L&#8217;Artista<\/strong><\/h4>\n<p>Download:<br \/>\n<a href=\"https:\/\/itunes.apple.com\/it\/album\/jokerman-lartista\/id282570302?app=itunes&amp;ign-mpt=uo%3D4\" target=\"_blank\" rel=\"noopener\"><img loading=\"lazy\" decoding=\"async\" class=\"alignleft wp-image-2473 size-full\" src=\"http:\/\/www.idyllium.it\/idyllium\/wp-content\/uploads\/2016\/11\/iTunes.png\" width=\"70\" height=\"20\" \/><\/a><a href=\"https:\/\/www.amazon.com\/dp\/B001B8XP5C?ie=UTF8&amp;tag=musique006-21&amp;linkCode=as2&amp;camp=1642&amp;creative=6746&amp;creativeASIN=B001B8XP5C\" target=\"_blank\" rel=\"noopener\"><img loading=\"lazy\" decoding=\"async\" class=\"alignleft wp-image-2469 size-full\" src=\"http:\/\/www.idyllium.it\/idyllium\/wp-content\/uploads\/2016\/11\/amazon.png\" alt=\"amazon\" width=\"72\" height=\"20\" \/><\/a><a href=\"https:\/\/www.musicme.com\/#\/ArtisName\/albums\/albumName-3661585008613.html\" target=\"_blank\" rel=\"noopener\"><img loading=\"lazy\" decoding=\"async\" class=\"alignleft wp-image-2836 size-full\" src=\"http:\/\/www.idyllium.it\/idyllium\/wp-content\/uploads\/2017\/01\/musicme-logo.png\" width=\"60\" height=\"20\" \/><\/a><a href=\"http:\/\/www.emusic.com\/album\/-\/-\/12162727\/\" target=\"_blank\" rel=\"noopener\"><img loading=\"lazy\" decoding=\"async\" class=\"alignleft wp-image-2471 size-full\" src=\"http:\/\/www.idyllium.it\/idyllium\/wp-content\/uploads\/2016\/11\/eMusic.png\" alt=\"emusic\" width=\"68\" height=\"20\" \/><\/a><a href=\"http:\/\/www.deezer.com\/album\/97496\" target=\"_blank\" rel=\"noopener\"><img loading=\"lazy\" decoding=\"async\" class=\"alignleft wp-image-2470 size-full\" src=\"http:\/\/www.idyllium.it\/idyllium\/wp-content\/uploads\/2016\/11\/Deezer.png\" alt=\"deezer\" width=\"90\" height=\"20\" \/><\/a><a href=\"https:\/\/play.spotify.com\/album\/32CObctiuiwMq3XbCCx6vx?play=true&amp;utm_source=open.spotify.com&amp;utm_medium=open\" target=\"_blank\" rel=\"noopener\"><img loading=\"lazy\" decoding=\"async\" class=\"alignleft wp-image-2474 size-full\" src=\"http:\/\/www.idyllium.it\/idyllium\/wp-content\/uploads\/2016\/11\/spotify.jpg\" alt=\"spotify\" width=\"65\" height=\"20\" \/><\/a><a href=\"http:\/\/www.starzik.com\/mp3\/produits\/Jokerman-L-Artista-183147.html\" target=\"_blank\" rel=\"noopener\"><img loading=\"lazy\" decoding=\"async\" class=\"alignleft wp-image-2498 size-full\" src=\"http:\/\/www.idyllium.it\/idyllium\/wp-content\/uploads\/2016\/11\/starzik.jpg\" alt=\"starzik\" width=\"83\" height=\"20\" \/><\/a><\/p>\n<\/div>\n<hr \/>\n<p><strong>DOWNLOAD:<\/strong><br \/>\n<a href=\"http:\/\/www.idyllium.it\/Video%20Ceccanti\/lascia%20che%20sia%20OKKK256K_Stream001.wmv\">LASCIA CHE SIA duetto con Fabio Ceccanti<\/a><\/p>\n","protected":false},"excerpt":{"rendered":"<p>NASCE A LIVORNO IL 22.01.1979, L\u2019AMORE PER IL CANTO LO DEVE TUTTO AL NONNO, CHE LE HA TRASMESSO QUESTA PASSIONE E MOLTE SONO LE OCCASIONI CHE CANTA SOLO PER LUI, DA MOLTI ANNI STUDIA PERCH\u00c8 VUOLE PERFEZIONARE LE SUE GIA&#8217; OTTIME QUALIT\u00c0 MA DENISE, VUOLE SOPRATTUTTO CRESCERE ARTISTICAMENTE SEMPRE DI<\/p>\n","protected":false},"author":1,"featured_media":0,"parent":1995,"menu_order":0,"comment_status":"closed","ping_status":"closed","template":"","meta":{"footnotes":""},"yoast_head":"<!-- This site is optimized with the Yoast SEO plugin v23.2 - https:\/\/yoast.com\/wordpress\/plugins\/seo\/ -->\r\n<title>Denise Bizzi - Idyllium<\/title>\r\n<meta name=\"robots\" content=\"index, follow, max-snippet:-1, max-image-preview:large, max-video-preview:-1\" \/>\r\n<link rel=\"canonical\" href=\"https:\/\/www.idyllium.it\/index.php\/artisti\/denise-bizzi\/\" \/>\r\n<meta property=\"og:locale\" content=\"it_IT\" \/>\r\n<meta property=\"og:type\" content=\"article\" \/>\r\n<meta property=\"og:title\" content=\"Denise Bizzi - Idyllium\" \/>\r\n<meta property=\"og:description\" content=\"NASCE A LIVORNO IL 22.01.1979, L\u2019AMORE PER IL CANTO LO DEVE TUTTO AL NONNO, CHE LE HA TRASMESSO QUESTA PASSIONE E MOLTE SONO LE OCCASIONI CHE CANTA SOLO PER LUI, DA MOLTI ANNI STUDIA PERCH\u00c8 VUOLE PERFEZIONARE LE SUE GIA&#8217; OTTIME QUALIT\u00c0 MA DENISE, VUOLE SOPRATTUTTO CRESCERE ARTISTICAMENTE SEMPRE DI\" \/>\r\n<meta property=\"og:url\" content=\"https:\/\/www.idyllium.it\/index.php\/artisti\/denise-bizzi\/\" \/>\r\n<meta property=\"og:site_name\" content=\"Idyllium\" \/>\r\n<meta property=\"article:modified_time\" content=\"2024-01-23T21:13:17+00:00\" \/>\r\n<meta property=\"og:image\" content=\"http:\/\/www.idyllium.it\/images\/Denise_1.jpg\" \/>\r\n<meta name=\"twitter:card\" content=\"summary_large_image\" \/>\r\n<meta name=\"twitter:label1\" content=\"Tempo di lettura stimato\" \/>\n\t<meta name=\"twitter:data1\" content=\"12 minuti\" \/>\r\n<script type=\"application\/ld+json\" class=\"yoast-schema-graph\">{\"@context\":\"https:\/\/schema.org\",\"@graph\":[{\"@type\":\"WebPage\",\"@id\":\"https:\/\/www.idyllium.it\/index.php\/artisti\/denise-bizzi\/\",\"url\":\"https:\/\/www.idyllium.it\/index.php\/artisti\/denise-bizzi\/\",\"name\":\"Denise Bizzi - Idyllium\",\"isPartOf\":{\"@id\":\"https:\/\/www.idyllium.it\/#website\"},\"primaryImageOfPage\":{\"@id\":\"https:\/\/www.idyllium.it\/index.php\/artisti\/denise-bizzi\/#primaryimage\"},\"image\":{\"@id\":\"https:\/\/www.idyllium.it\/index.php\/artisti\/denise-bizzi\/#primaryimage\"},\"thumbnailUrl\":\"http:\/\/www.idyllium.it\/images\/Denise_1.jpg\",\"datePublished\":\"2017-01-10T16:38:48+00:00\",\"dateModified\":\"2024-01-23T21:13:17+00:00\",\"breadcrumb\":{\"@id\":\"https:\/\/www.idyllium.it\/index.php\/artisti\/denise-bizzi\/#breadcrumb\"},\"inLanguage\":\"it-IT\",\"potentialAction\":[{\"@type\":\"ReadAction\",\"target\":[\"https:\/\/www.idyllium.it\/index.php\/artisti\/denise-bizzi\/\"]}]},{\"@type\":\"ImageObject\",\"inLanguage\":\"it-IT\",\"@id\":\"https:\/\/www.idyllium.it\/index.php\/artisti\/denise-bizzi\/#primaryimage\",\"url\":\"http:\/\/www.idyllium.it\/images\/Denise_1.jpg\",\"contentUrl\":\"http:\/\/www.idyllium.it\/images\/Denise_1.jpg\"},{\"@type\":\"BreadcrumbList\",\"@id\":\"https:\/\/www.idyllium.it\/index.php\/artisti\/denise-bizzi\/#breadcrumb\",\"itemListElement\":[{\"@type\":\"ListItem\",\"position\":1,\"name\":\"Home\",\"item\":\"https:\/\/www.idyllium.it\/\"},{\"@type\":\"ListItem\",\"position\":2,\"name\":\"ARTISTI\",\"item\":\"https:\/\/www.idyllium.it\/index.php\/artisti\/\"},{\"@type\":\"ListItem\",\"position\":3,\"name\":\"Denise Bizzi\"}]},{\"@type\":\"WebSite\",\"@id\":\"https:\/\/www.idyllium.it\/#website\",\"url\":\"https:\/\/www.idyllium.it\/\",\"name\":\"Idyllium\",\"description\":\"Music Publishing\",\"potentialAction\":[{\"@type\":\"SearchAction\",\"target\":{\"@type\":\"EntryPoint\",\"urlTemplate\":\"https:\/\/www.idyllium.it\/?s={search_term_string}\"},\"query-input\":\"required name=search_term_string\"}],\"inLanguage\":\"it-IT\"}]}<\/script>\r\n<!-- \/ Yoast SEO plugin. -->","yoast_head_json":{"title":"Denise Bizzi - Idyllium","robots":{"index":"index","follow":"follow","max-snippet":"max-snippet:-1","max-image-preview":"max-image-preview:large","max-video-preview":"max-video-preview:-1"},"canonical":"https:\/\/www.idyllium.it\/index.php\/artisti\/denise-bizzi\/","og_locale":"it_IT","og_type":"article","og_title":"Denise Bizzi - Idyllium","og_description":"NASCE A LIVORNO IL 22.01.1979, L\u2019AMORE PER IL CANTO LO DEVE TUTTO AL NONNO, CHE LE HA TRASMESSO QUESTA PASSIONE E MOLTE SONO LE OCCASIONI CHE CANTA SOLO PER LUI, DA MOLTI ANNI STUDIA PERCH\u00c8 VUOLE PERFEZIONARE LE SUE GIA&#8217; OTTIME QUALIT\u00c0 MA DENISE, VUOLE SOPRATTUTTO CRESCERE ARTISTICAMENTE SEMPRE DI","og_url":"https:\/\/www.idyllium.it\/index.php\/artisti\/denise-bizzi\/","og_site_name":"Idyllium","article_modified_time":"2024-01-23T21:13:17+00:00","og_image":[{"url":"http:\/\/www.idyllium.it\/images\/Denise_1.jpg"}],"twitter_card":"summary_large_image","twitter_misc":{"Tempo di lettura stimato":"12 minuti"},"schema":{"@context":"https:\/\/schema.org","@graph":[{"@type":"WebPage","@id":"https:\/\/www.idyllium.it\/index.php\/artisti\/denise-bizzi\/","url":"https:\/\/www.idyllium.it\/index.php\/artisti\/denise-bizzi\/","name":"Denise Bizzi - Idyllium","isPartOf":{"@id":"https:\/\/www.idyllium.it\/#website"},"primaryImageOfPage":{"@id":"https:\/\/www.idyllium.it\/index.php\/artisti\/denise-bizzi\/#primaryimage"},"image":{"@id":"https:\/\/www.idyllium.it\/index.php\/artisti\/denise-bizzi\/#primaryimage"},"thumbnailUrl":"http:\/\/www.idyllium.it\/images\/Denise_1.jpg","datePublished":"2017-01-10T16:38:48+00:00","dateModified":"2024-01-23T21:13:17+00:00","breadcrumb":{"@id":"https:\/\/www.idyllium.it\/index.php\/artisti\/denise-bizzi\/#breadcrumb"},"inLanguage":"it-IT","potentialAction":[{"@type":"ReadAction","target":["https:\/\/www.idyllium.it\/index.php\/artisti\/denise-bizzi\/"]}]},{"@type":"ImageObject","inLanguage":"it-IT","@id":"https:\/\/www.idyllium.it\/index.php\/artisti\/denise-bizzi\/#primaryimage","url":"http:\/\/www.idyllium.it\/images\/Denise_1.jpg","contentUrl":"http:\/\/www.idyllium.it\/images\/Denise_1.jpg"},{"@type":"BreadcrumbList","@id":"https:\/\/www.idyllium.it\/index.php\/artisti\/denise-bizzi\/#breadcrumb","itemListElement":[{"@type":"ListItem","position":1,"name":"Home","item":"https:\/\/www.idyllium.it\/"},{"@type":"ListItem","position":2,"name":"ARTISTI","item":"https:\/\/www.idyllium.it\/index.php\/artisti\/"},{"@type":"ListItem","position":3,"name":"Denise Bizzi"}]},{"@type":"WebSite","@id":"https:\/\/www.idyllium.it\/#website","url":"https:\/\/www.idyllium.it\/","name":"Idyllium","description":"Music Publishing","potentialAction":[{"@type":"SearchAction","target":{"@type":"EntryPoint","urlTemplate":"https:\/\/www.idyllium.it\/?s={search_term_string}"},"query-input":"required name=search_term_string"}],"inLanguage":"it-IT"}]}},"_links":{"self":[{"href":"https:\/\/www.idyllium.it\/index.php\/wp-json\/wp\/v2\/pages\/2636"}],"collection":[{"href":"https:\/\/www.idyllium.it\/index.php\/wp-json\/wp\/v2\/pages"}],"about":[{"href":"https:\/\/www.idyllium.it\/index.php\/wp-json\/wp\/v2\/types\/page"}],"author":[{"embeddable":true,"href":"https:\/\/www.idyllium.it\/index.php\/wp-json\/wp\/v2\/users\/1"}],"replies":[{"embeddable":true,"href":"https:\/\/www.idyllium.it\/index.php\/wp-json\/wp\/v2\/comments?post=2636"}],"version-history":[{"count":2,"href":"https:\/\/www.idyllium.it\/index.php\/wp-json\/wp\/v2\/pages\/2636\/revisions"}],"predecessor-version":[{"id":28573,"href":"https:\/\/www.idyllium.it\/index.php\/wp-json\/wp\/v2\/pages\/2636\/revisions\/28573"}],"up":[{"embeddable":true,"href":"https:\/\/www.idyllium.it\/index.php\/wp-json\/wp\/v2\/pages\/1995"}],"wp:attachment":[{"href":"https:\/\/www.idyllium.it\/index.php\/wp-json\/wp\/v2\/media?parent=2636"}],"curies":[{"name":"wp","href":"https:\/\/api.w.org\/{rel}","templated":true}]}}