{"id":2626,"date":"2017-01-10T17:37:14","date_gmt":"2017-01-10T16:37:14","guid":{"rendered":"http:\/\/www.idyllium.it\/idyllium\/?page_id=2626"},"modified":"2024-01-23T22:05:25","modified_gmt":"2024-01-23T21:05:25","slug":"debora-q","status":"publish","type":"page","link":"https:\/\/www.idyllium.it\/index.php\/artisti\/debora-q\/","title":{"rendered":"Debby Q"},"content":{"rendered":"<p style=\"text-align: justify;\"><img loading=\"lazy\" decoding=\"async\" class=\"alignleft size-medium\" src=\"http:\/\/www.idyllium.it\/images\/Debby_Q._Vasco_Rossi.JPG\" alt=\"\" width=\"290\" height=\"325\" \/>Debora Quattrini (in arte Debby Q.), \u00e8 nata a Milano, ha studiato con i migliori insegnanti dell&#8217;area milanese. In dieci e pi\u00f9 anni di attivit\u00e0 ha cantato generi musicali differenti prediligendo comunque la musica d&#8217;oltreoceano e sopratutto la soul music. Presente sulla scena musicale dal &#8217;90 in qualit\u00e0 di vocalist ha intrattenuto numerose collaborazioni artistiche sia live che in studio.<br \/>\nRicordiamo il suo primo singolo nel &#8217;94 &#8220;Feel me tonight&#8221;, nel &#8217;97 &#8220;Your love&#8221; nel &#8217;01 &#8220;Don&#8217;t let me be lonely tonight&#8221; E&#8217; presente in numerose raccolte tra le quali : &#8220;32 SUPERHITS ORIGINAL&#8221;, &#8220;CHRISTMAS NIGHT&#8221;, &#8220;DRIVE IN LOVE&#8221;, &#8220;LIVING IN THE FAST LANE&#8221;, &#8220;FILM COLLECTION&#8221; Ha inciso inoltre svariate cover dance destinate al mercato estero, i cori nei CD di Santa Esmeralda e Sandy Marton. Jingle pubblicitari tra i quali OMNITEL nel 2000 con &#8220;YOU GOT IT&#8221;, NESTLE&#8217; &#8230;<br \/>\nHa cantato in convention (CHOPARD, CARTIER, LOOK OF THE YEAR, GRAN PREMIO DI MONZA&#8230;), nei pi\u00f9 rinomati club milanesi (Jimmi&#8217;s, Scimmie&#8230;)ed in svariati festival e rassegne musicali (JAZZ E DINTORNI, ONE NIGHT JAZZ&#8230;) accompagnata da musicisti come Carmelo Isgr\u00f2, Marco Bianchi, Riccardo Fioravanti, Alberto Bonacasa, Max Furian&#8230; Si \u00e8 esibita in qualit\u00e0 di solista e corista in trasmissioni televisive come &#8220;LA CANZONE DEL SECOLO&#8221; condotta da Pippo Baudo e &#8220;STRADA FACENDO&#8221; in onda su Canale 5 , &#8220;ROXI BAR&#8221;, &#8220;HELP&#8221;&#8230;<br \/>\nHa collaborato inoltre con Fiorello, Ron, Laurenti, Lippi, Flabby, Bigazzi, Turatti, Ibba&#8230; Nel 2003 \u00e8 interprete ed autrice di &#8220;HOW DO YOU LOOSE&#8221; unico pezzo cantato nel CD &#8220;ESCAPE FROM REALITY&#8221;.<br \/>\nDi lei hanno scritto: &#8220;dotata di una vocalit\u00e0 calda e sensuale in costante ricerca di nuove soluzioni timbriche&#8221;. &#8220;una cantante in equilibrio tra celebri temi del jazz e tradizioni pop&#8230;&#8221;. &#8220;canta con uno stile personalissimo , una tecnica fenomenale ed un gusto raro&#8221;.<br \/>\nHa scritto il testo (in collaborazione con Chiara del Vaglio), del brano \u201cYou Wanna Play\u201d inserito nella Compilation GOOD MUSIC prodotta da Sabino Mogavero e pubblicato dalla IDYLLIUM Music Publishing di Milano.<br \/>\nNote: Il brano &#8220;You Wanna Play&#8221;, \u00e8 stato inserito anche nella Compilation di Hurricane Healing \u00e8 una iniziativa creata per raccogliere fondi destinati alle vittime che nel 2005 sono state coinvolte nell&#8217;uragano che ha stravolto gli U.S.A., un disastro che ha visto tante persone in una situazione di completo disagio e disperazione.<\/p>\n<hr \/>\n<div style=\"float: left; width: 100%;\">\n<p><img loading=\"lazy\" decoding=\"async\" class=\"alignleft wp-image-2979 size-full\" src=\"http:\/\/www.idyllium.it\/idyllium\/wp-content\/uploads\/2017\/01\/170x170bb-37.jpg\" width=\"170\" height=\"170\" srcset=\"https:\/\/www.idyllium.it\/wp-content\/uploads\/2017\/01\/170x170bb-37.jpg 170w, https:\/\/www.idyllium.it\/wp-content\/uploads\/2017\/01\/170x170bb-37-150x150.jpg 150w, https:\/\/www.idyllium.it\/wp-content\/uploads\/2017\/01\/170x170bb-37-140x140.jpg 140w\" sizes=\"(max-width: 170px) 100vw, 170px\" \/><\/p>\n<h4><strong>Good Music Compilation<\/strong><\/h4>\n<p>Download:<br \/>\n<a href=\"https:\/\/itunes.apple.com\/it\/album\/good-music-compilation\/id282595724?app=itunes&amp;ign-mpt=uo%3D4\" target=\"_blank\" rel=\"noopener\"><img loading=\"lazy\" decoding=\"async\" class=\"alignleft wp-image-2473 size-full\" src=\"http:\/\/www.idyllium.it\/idyllium\/wp-content\/uploads\/2016\/11\/iTunes.png\" alt=\"itunes\" width=\"70\" height=\"20\" \/><\/a><a href=\"https:\/\/www.amazon.com\/dp\/B001B8XOMG?ie=UTF8&amp;tag=musique006-21&amp;linkCode=as2&amp;camp=1642&amp;creative=6746&amp;creativeASIN=B001B8XOMG\" target=\"_blank\" rel=\"noopener\"><img loading=\"lazy\" decoding=\"async\" class=\"alignleft wp-image-2469 size-full\" src=\"http:\/\/www.idyllium.it\/idyllium\/wp-content\/uploads\/2016\/11\/amazon.png\" alt=\"amazon\" width=\"72\" height=\"20\" \/><\/a><a href=\"https:\/\/play.google.com\/store\/music\/album\/album?id=B7tpu2e57vacizd3rdusvqpwe3q\" target=\"_blank\" rel=\"noopener\"><img loading=\"lazy\" decoding=\"async\" class=\"alignleft wp-image-2472 size-full\" src=\"http:\/\/www.idyllium.it\/idyllium\/wp-content\/uploads\/2016\/11\/Google-Play.png\" alt=\"google-play\" width=\"88\" height=\"20\" \/><\/a><a href=\"http:\/\/www.emusic.com\/album\/-\/-\/11236148\/\" target=\"_blank\" rel=\"noopener\"><img loading=\"lazy\" decoding=\"async\" class=\"alignleft wp-image-2471 size-full\" src=\"http:\/\/www.idyllium.it\/idyllium\/wp-content\/uploads\/2016\/11\/eMusic.png\" alt=\"emusic\" width=\"68\" height=\"20\" \/><\/a><a href=\"https:\/\/www.musicme.com\/#\/ArtisName\/albums\/albumName-3661585009740.html\" target=\"_blank\" rel=\"noopener\"><img loading=\"lazy\" decoding=\"async\" class=\"alignleft wp-image-2836 size-full\" src=\"http:\/\/www.idyllium.it\/idyllium\/wp-content\/uploads\/2017\/01\/musicme-logo.png\" width=\"60\" height=\"20\" \/><\/a><a href=\"http:\/\/www.deezer.com\/album\/98100\" target=\"_blank\" rel=\"noopener\"><img loading=\"lazy\" decoding=\"async\" class=\"alignleft wp-image-2470 size-full\" src=\"http:\/\/www.idyllium.it\/idyllium\/wp-content\/uploads\/2016\/11\/Deezer.png\" alt=\"deezer\" width=\"90\" height=\"20\" \/><\/a><a href=\"https:\/\/play.spotify.com\/album\/3SBsPfAx22yGYiPInuifp7?play=true&amp;utm_source=open.spotify.com&amp;utm_medium=open\" target=\"_blank\" rel=\"noopener\"><img loading=\"lazy\" decoding=\"async\" class=\"alignleft wp-image-2474 size-full\" src=\"http:\/\/www.idyllium.it\/idyllium\/wp-content\/uploads\/2016\/11\/spotify.jpg\" alt=\"spotify\" width=\"65\" height=\"20\" \/><\/a><\/p>\n<\/div>\n<div style=\"float: left; width: 100%;\">\n<p><img loading=\"lazy\" decoding=\"async\" class=\"alignleft wp-image-2980 size-full\" src=\"http:\/\/www.idyllium.it\/idyllium\/wp-content\/uploads\/2017\/01\/170x170bb-38.jpg\" width=\"170\" height=\"170\" srcset=\"https:\/\/www.idyllium.it\/wp-content\/uploads\/2017\/01\/170x170bb-38.jpg 170w, https:\/\/www.idyllium.it\/wp-content\/uploads\/2017\/01\/170x170bb-38-150x150.jpg 150w, https:\/\/www.idyllium.it\/wp-content\/uploads\/2017\/01\/170x170bb-38-140x140.jpg 140w\" sizes=\"(max-width: 170px) 100vw, 170px\" \/><\/p>\n<h4><strong>Lovin&#8217; You<\/strong><\/h4>\n<p>Download:<br \/>\n<a href=\"https:\/\/itunes.apple.com\/it\/album\/lovin-you\/id282540230?app=itunes&amp;ign-mpt=uo%3D4\" target=\"_blank\" rel=\"noopener\"><img loading=\"lazy\" decoding=\"async\" class=\"alignleft wp-image-2473 size-full\" src=\"http:\/\/www.idyllium.it\/idyllium\/wp-content\/uploads\/2016\/11\/iTunes.png\" alt=\"itunes\" width=\"70\" height=\"20\" \/><\/a><a href=\"https:\/\/www.amazon.com\/dp\/B001B91LDO?ie=UTF8&amp;tag=musique006-21&amp;linkCode=as2&amp;camp=1642&amp;creative=6746&amp;creativeASIN=B001B91LDO\" target=\"_blank\" rel=\"noopener\"><img loading=\"lazy\" decoding=\"async\" class=\"alignleft wp-image-2469 size-full\" src=\"http:\/\/www.idyllium.it\/idyllium\/wp-content\/uploads\/2016\/11\/amazon.png\" alt=\"amazon\" width=\"72\" height=\"20\" \/><\/a><a href=\"https:\/\/play.google.com\/store\/music\/album\/album?id=Bowub7i5ewr2saekjq326znmadq\" target=\"_blank\" rel=\"noopener\"><img loading=\"lazy\" decoding=\"async\" class=\"alignleft wp-image-2472 size-full\" src=\"http:\/\/www.idyllium.it\/idyllium\/wp-content\/uploads\/2016\/11\/Google-Play.png\" alt=\"google-play\" width=\"88\" height=\"20\" \/><\/a><a href=\"http:\/\/www.emusic.com\/album\/-\/-\/11236155\/\" target=\"_blank\" rel=\"noopener\"><img loading=\"lazy\" decoding=\"async\" class=\"alignleft wp-image-2471 size-full\" src=\"http:\/\/www.idyllium.it\/idyllium\/wp-content\/uploads\/2016\/11\/eMusic.png\" alt=\"emusic\" width=\"68\" height=\"20\" \/><\/a><a href=\"https:\/\/www.musicme.com\/#\/ArtisName\/albums\/albumName-3661585008637.html\" target=\"_blank\" rel=\"noopener\"><img loading=\"lazy\" decoding=\"async\" class=\"alignleft wp-image-2836 size-full\" src=\"http:\/\/www.idyllium.it\/idyllium\/wp-content\/uploads\/2017\/01\/musicme-logo.png\" width=\"60\" height=\"20\" \/><\/a><a href=\"http:\/\/www.deezer.com\/album\/97497\" target=\"_blank\" rel=\"noopener\"><img loading=\"lazy\" decoding=\"async\" class=\"alignleft wp-image-2470 size-full\" src=\"http:\/\/www.idyllium.it\/idyllium\/wp-content\/uploads\/2016\/11\/Deezer.png\" alt=\"deezer\" width=\"90\" height=\"20\" \/><\/a><a href=\"https:\/\/play.spotify.com\/album\/14yuGsBhYUiA2OWPJ6OtZa?play=true&amp;utm_source=open.spotify.com&amp;utm_medium=open\" target=\"_blank\" rel=\"noopener\"><img loading=\"lazy\" decoding=\"async\" class=\"alignleft wp-image-2474 size-full\" src=\"http:\/\/www.idyllium.it\/idyllium\/wp-content\/uploads\/2016\/11\/spotify.jpg\" alt=\"spotify\" width=\"65\" height=\"20\" \/><\/a><\/p>\n<\/div>\n","protected":false},"excerpt":{"rendered":"<p>Debora Quattrini (in arte Debby Q.), \u00e8 nata a Milano, ha studiato con i migliori insegnanti dell&#8217;area milanese. In dieci e pi\u00f9 anni di attivit\u00e0 ha cantato generi musicali differenti prediligendo comunque la musica d&#8217;oltreoceano e sopratutto la soul music. Presente sulla scena musicale dal &#8217;90 in qualit\u00e0 di vocalist<\/p>\n","protected":false},"author":1,"featured_media":0,"parent":1995,"menu_order":0,"comment_status":"closed","ping_status":"closed","template":"","meta":{"footnotes":""},"yoast_head":"<!-- This site is optimized with the Yoast SEO plugin v23.2 - https:\/\/yoast.com\/wordpress\/plugins\/seo\/ -->\r\n<title>Debby Q - Idyllium<\/title>\r\n<meta name=\"robots\" content=\"index, follow, max-snippet:-1, max-image-preview:large, max-video-preview:-1\" \/>\r\n<link rel=\"canonical\" href=\"https:\/\/www.idyllium.it\/index.php\/artisti\/debora-q\/\" \/>\r\n<meta property=\"og:locale\" content=\"it_IT\" \/>\r\n<meta property=\"og:type\" content=\"article\" \/>\r\n<meta property=\"og:title\" content=\"Debby Q - Idyllium\" \/>\r\n<meta property=\"og:description\" content=\"Debora Quattrini (in arte Debby Q.), \u00e8 nata a Milano, ha studiato con i migliori insegnanti dell&#8217;area milanese. In dieci e pi\u00f9 anni di attivit\u00e0 ha cantato generi musicali differenti prediligendo comunque la musica d&#8217;oltreoceano e sopratutto la soul music. Presente sulla scena musicale dal &#8217;90 in qualit\u00e0 di vocalist\" \/>\r\n<meta property=\"og:url\" content=\"https:\/\/www.idyllium.it\/index.php\/artisti\/debora-q\/\" \/>\r\n<meta property=\"og:site_name\" content=\"Idyllium\" \/>\r\n<meta property=\"article:modified_time\" content=\"2024-01-23T21:05:25+00:00\" \/>\r\n<meta property=\"og:image\" content=\"http:\/\/www.idyllium.it\/images\/Debby_Q._Vasco_Rossi.JPG\" \/>\r\n<meta name=\"twitter:card\" content=\"summary_large_image\" \/>\r\n<meta name=\"twitter:label1\" content=\"Tempo di lettura stimato\" \/>\n\t<meta name=\"twitter:data1\" content=\"22 minuti\" \/>\r\n<script type=\"application\/ld+json\" class=\"yoast-schema-graph\">{\"@context\":\"https:\/\/schema.org\",\"@graph\":[{\"@type\":\"WebPage\",\"@id\":\"https:\/\/www.idyllium.it\/index.php\/artisti\/debora-q\/\",\"url\":\"https:\/\/www.idyllium.it\/index.php\/artisti\/debora-q\/\",\"name\":\"Debby Q - Idyllium\",\"isPartOf\":{\"@id\":\"https:\/\/www.idyllium.it\/#website\"},\"primaryImageOfPage\":{\"@id\":\"https:\/\/www.idyllium.it\/index.php\/artisti\/debora-q\/#primaryimage\"},\"image\":{\"@id\":\"https:\/\/www.idyllium.it\/index.php\/artisti\/debora-q\/#primaryimage\"},\"thumbnailUrl\":\"http:\/\/www.idyllium.it\/images\/Debby_Q._Vasco_Rossi.JPG\",\"datePublished\":\"2017-01-10T16:37:14+00:00\",\"dateModified\":\"2024-01-23T21:05:25+00:00\",\"breadcrumb\":{\"@id\":\"https:\/\/www.idyllium.it\/index.php\/artisti\/debora-q\/#breadcrumb\"},\"inLanguage\":\"it-IT\",\"potentialAction\":[{\"@type\":\"ReadAction\",\"target\":[\"https:\/\/www.idyllium.it\/index.php\/artisti\/debora-q\/\"]}]},{\"@type\":\"ImageObject\",\"inLanguage\":\"it-IT\",\"@id\":\"https:\/\/www.idyllium.it\/index.php\/artisti\/debora-q\/#primaryimage\",\"url\":\"http:\/\/www.idyllium.it\/images\/Debby_Q._Vasco_Rossi.JPG\",\"contentUrl\":\"http:\/\/www.idyllium.it\/images\/Debby_Q._Vasco_Rossi.JPG\"},{\"@type\":\"BreadcrumbList\",\"@id\":\"https:\/\/www.idyllium.it\/index.php\/artisti\/debora-q\/#breadcrumb\",\"itemListElement\":[{\"@type\":\"ListItem\",\"position\":1,\"name\":\"Home\",\"item\":\"https:\/\/www.idyllium.it\/\"},{\"@type\":\"ListItem\",\"position\":2,\"name\":\"ARTISTI\",\"item\":\"https:\/\/www.idyllium.it\/index.php\/artisti\/\"},{\"@type\":\"ListItem\",\"position\":3,\"name\":\"Debby Q\"}]},{\"@type\":\"WebSite\",\"@id\":\"https:\/\/www.idyllium.it\/#website\",\"url\":\"https:\/\/www.idyllium.it\/\",\"name\":\"Idyllium\",\"description\":\"Music Publishing\",\"potentialAction\":[{\"@type\":\"SearchAction\",\"target\":{\"@type\":\"EntryPoint\",\"urlTemplate\":\"https:\/\/www.idyllium.it\/?s={search_term_string}\"},\"query-input\":\"required name=search_term_string\"}],\"inLanguage\":\"it-IT\"}]}<\/script>\r\n<!-- \/ Yoast SEO plugin. -->","yoast_head_json":{"title":"Debby Q - Idyllium","robots":{"index":"index","follow":"follow","max-snippet":"max-snippet:-1","max-image-preview":"max-image-preview:large","max-video-preview":"max-video-preview:-1"},"canonical":"https:\/\/www.idyllium.it\/index.php\/artisti\/debora-q\/","og_locale":"it_IT","og_type":"article","og_title":"Debby Q - Idyllium","og_description":"Debora Quattrini (in arte Debby Q.), \u00e8 nata a Milano, ha studiato con i migliori insegnanti dell&#8217;area milanese. In dieci e pi\u00f9 anni di attivit\u00e0 ha cantato generi musicali differenti prediligendo comunque la musica d&#8217;oltreoceano e sopratutto la soul music. Presente sulla scena musicale dal &#8217;90 in qualit\u00e0 di vocalist","og_url":"https:\/\/www.idyllium.it\/index.php\/artisti\/debora-q\/","og_site_name":"Idyllium","article_modified_time":"2024-01-23T21:05:25+00:00","og_image":[{"url":"http:\/\/www.idyllium.it\/images\/Debby_Q._Vasco_Rossi.JPG"}],"twitter_card":"summary_large_image","twitter_misc":{"Tempo di lettura stimato":"22 minuti"},"schema":{"@context":"https:\/\/schema.org","@graph":[{"@type":"WebPage","@id":"https:\/\/www.idyllium.it\/index.php\/artisti\/debora-q\/","url":"https:\/\/www.idyllium.it\/index.php\/artisti\/debora-q\/","name":"Debby Q - Idyllium","isPartOf":{"@id":"https:\/\/www.idyllium.it\/#website"},"primaryImageOfPage":{"@id":"https:\/\/www.idyllium.it\/index.php\/artisti\/debora-q\/#primaryimage"},"image":{"@id":"https:\/\/www.idyllium.it\/index.php\/artisti\/debora-q\/#primaryimage"},"thumbnailUrl":"http:\/\/www.idyllium.it\/images\/Debby_Q._Vasco_Rossi.JPG","datePublished":"2017-01-10T16:37:14+00:00","dateModified":"2024-01-23T21:05:25+00:00","breadcrumb":{"@id":"https:\/\/www.idyllium.it\/index.php\/artisti\/debora-q\/#breadcrumb"},"inLanguage":"it-IT","potentialAction":[{"@type":"ReadAction","target":["https:\/\/www.idyllium.it\/index.php\/artisti\/debora-q\/"]}]},{"@type":"ImageObject","inLanguage":"it-IT","@id":"https:\/\/www.idyllium.it\/index.php\/artisti\/debora-q\/#primaryimage","url":"http:\/\/www.idyllium.it\/images\/Debby_Q._Vasco_Rossi.JPG","contentUrl":"http:\/\/www.idyllium.it\/images\/Debby_Q._Vasco_Rossi.JPG"},{"@type":"BreadcrumbList","@id":"https:\/\/www.idyllium.it\/index.php\/artisti\/debora-q\/#breadcrumb","itemListElement":[{"@type":"ListItem","position":1,"name":"Home","item":"https:\/\/www.idyllium.it\/"},{"@type":"ListItem","position":2,"name":"ARTISTI","item":"https:\/\/www.idyllium.it\/index.php\/artisti\/"},{"@type":"ListItem","position":3,"name":"Debby Q"}]},{"@type":"WebSite","@id":"https:\/\/www.idyllium.it\/#website","url":"https:\/\/www.idyllium.it\/","name":"Idyllium","description":"Music Publishing","potentialAction":[{"@type":"SearchAction","target":{"@type":"EntryPoint","urlTemplate":"https:\/\/www.idyllium.it\/?s={search_term_string}"},"query-input":"required name=search_term_string"}],"inLanguage":"it-IT"}]}},"_links":{"self":[{"href":"https:\/\/www.idyllium.it\/index.php\/wp-json\/wp\/v2\/pages\/2626"}],"collection":[{"href":"https:\/\/www.idyllium.it\/index.php\/wp-json\/wp\/v2\/pages"}],"about":[{"href":"https:\/\/www.idyllium.it\/index.php\/wp-json\/wp\/v2\/types\/page"}],"author":[{"embeddable":true,"href":"https:\/\/www.idyllium.it\/index.php\/wp-json\/wp\/v2\/users\/1"}],"replies":[{"embeddable":true,"href":"https:\/\/www.idyllium.it\/index.php\/wp-json\/wp\/v2\/comments?post=2626"}],"version-history":[{"count":1,"href":"https:\/\/www.idyllium.it\/index.php\/wp-json\/wp\/v2\/pages\/2626\/revisions"}],"predecessor-version":[{"id":28566,"href":"https:\/\/www.idyllium.it\/index.php\/wp-json\/wp\/v2\/pages\/2626\/revisions\/28566"}],"up":[{"embeddable":true,"href":"https:\/\/www.idyllium.it\/index.php\/wp-json\/wp\/v2\/pages\/1995"}],"wp:attachment":[{"href":"https:\/\/www.idyllium.it\/index.php\/wp-json\/wp\/v2\/media?parent=2626"}],"curies":[{"name":"wp","href":"https:\/\/api.w.org\/{rel}","templated":true}]}}