{"id":1997,"date":"2016-11-21T13:33:33","date_gmt":"2016-11-21T12:33:33","guid":{"rendered":"http:\/\/www.idyllium.it\/idyllium\/?page_id=1997"},"modified":"2024-01-23T16:07:15","modified_gmt":"2024-01-23T15:07:15","slug":"discografia","status":"publish","type":"page","link":"https:\/\/www.idyllium.it\/index.php\/discografia\/","title":{"rendered":"DISCOGRAFIA"},"content":{"rendered":"<div class=\"menu\" style=\"font-weight: bold; text-transform: uppercase;\" align=\"center\"><a href=\"http:\/\/www.idyllium.it\/index.php\/discografia\/pop-dance\/\">POP-DANCE<\/a><br \/>\n<a href=\"https:\/\/www.idyllium.it\/index.php\/discografia\/jazz\/\">JAZZ<\/a><br \/>\n<a href=\"https:\/\/www.idyllium.it\/index.php\/discografia\/latin\/\">LATIN<\/a><br \/>\n<a href=\"https:\/\/www.idyllium.it\/index.php\/discografia\/ethnic-lounge\/\">ETNHIC-LOUNGE<\/a><br \/>\n<a href=\"https:\/\/www.idyllium.it\/index.php\/discografia\/instrumental\/\">INSTRUMENTAL<\/a><br \/>\n<a href=\"https:\/\/www.idyllium.it\/index.php\/discografia\/soundtrack\/\">SOUNDTRACK<\/a><br \/>\n<a href=\"https:\/\/www.idyllium.it\/index.php\/discografia\/christmas-gospel\/\">CHRISTMAS-GOSPEL<\/a><br \/>\n<a href=\"https:\/\/www.idyllium.it\/index.php\/discografia\/opera\/\">OPERA<\/a><br \/>\n<a href=\"https:\/\/www.idyllium.it\/index.php\/discografia\/religion\/\">RELIGION<\/a><br \/>\n<a href=\"https:\/\/www.idyllium.it\/index.php\/discografia\/sacred\/\">SACRED<\/a><br \/>\n&nbsp;<br \/>\n<strong>CLASSICAL<\/strong><br \/>\n<a href=\"https:\/\/www.idyllium.it\/index.php\/discografia\/classical\/j-s-bach\/\">J.S. Bach<\/a><br \/>\n<a href=\"https:\/\/www.idyllium.it\/index.php\/discografia\/classical\/l-v-beethoven\/\">L.V. Beethoven<\/a><br \/>\n<a href=\"https:\/\/www.idyllium.it\/index.php\/discografia\/classical\/g-bizet\/\">G. Bizet<\/a><br \/>\n<a href=\"https:\/\/www.idyllium.it\/index.php\/discografia\/classical\/f-berwald\/\">F. Berwald<\/a><br \/>\n<a href=\"https:\/\/www.idyllium.it\/index.php\/discografia\/classical\/l-boccherini\/\">L. Boccherini<\/a><br \/>\n<a href=\"https:\/\/www.idyllium.it\/index.php\/discografia\/classical\/j-brahms\/\">J. Brahms<\/a><br \/>\n<a href=\"https:\/\/www.idyllium.it\/index.php\/discografia\/classical\/l-cherubini\/\">L. Cherubini<\/a><br \/>\n<a href=\"https:\/\/www.idyllium.it\/index.php\/discografia\/classical\/f-chopin\/\">F. Chopin<\/a><br \/>\n<a href=\"https:\/\/www.idyllium.it\/index.php\/discografia\/classical\/d-cimarosa\/\">D. Cimarosa<\/a><br \/>\n<a href=\"https:\/\/www.idyllium.it\/index.php\/discografia\/classical\/f-couperin\/\">F. Couperin<\/a><br \/>\n<a href=\"https:\/\/www.idyllium.it\/index.php\/discografia\/classical\/c-debussy\/\">C. Debussy<\/a><br \/>\n<a href=\"https:\/\/www.idyllium.it\/index.php\/discografia\/classical\/a-dvorak\/\">A. Dvo\u0159\u00e1k<\/a><br \/>\n<a href=\"https:\/\/www.idyllium.it\/index.php\/discografia\/classical\/b-galuppi\/\">B. Galuppi<\/a><br \/>\n<a href=\"https:\/\/www.idyllium.it\/index.php\/discografia\/classical\/e-grieg\/\">E. Grieg<\/a><br \/>\n<a href=\"https:\/\/www.idyllium.it\/index.php\/discografia\/classical\/g-f-handel\/\">G.F. H\u00e4ndel<\/a><br \/>\n<a href=\"https:\/\/www.idyllium.it\/index.php\/discografia\/classical\/j-haydn\/\">J. Haydn<\/a><br \/>\n<a href=\"https:\/\/www.idyllium.it\/index.php\/discografia\/classical\/f-herold\/\">F. H\u00e9rold<\/a><br \/>\n<a href=\"https:\/\/www.idyllium.it\/index.php\/discografia\/classical\/f-mendelssohn\/\">F. Mendelssohn<\/a><br \/>\n<a href=\"https:\/\/www.idyllium.it\/index.php\/discografia\/classical\/w-a-mozart\/\">W.A. Mozart<\/a><br \/>\n<a href=\"https:\/\/www.idyllium.it\/index.php\/discografia\/classical\/m-mussorgsky\/\">M. Mussorgsky<\/a><br \/>\n<a href=\"https:\/\/www.idyllium.it\/index.php\/discografia\/classical\/l-norman\/\">L. Norman<\/a><br \/>\n<a href=\"https:\/\/www.idyllium.it\/index.php\/discografia\/classical\/p-d-paradisi\/\">P.D. Paradisi<\/a><br \/>\n<a href=\"https:\/\/www.idyllium.it\/index.php\/discografia\/classical\/g-b-pergolesi\/\">G.B. Pergolesi<\/a><br \/>\n<a href=\"https:\/\/www.idyllium.it\/index.php\/discografia\/classical\/r-planquette\/\">R. Planquette<\/a><br \/>\n<a href=\"https:\/\/www.idyllium.it\/index.php\/discografia\/classical\/s-rachmaninoff\/\">S. Rachmaninoff<\/a><br \/>\n<a href=\"https:\/\/www.idyllium.it\/index.php\/discografia\/classical\/j-p-rameau\/\">J.P. Rameau<\/a><br \/>\n<a href=\"https:\/\/www.idyllium.it\/index.php\/discografia\/classical\/g-rossini\/\">G. Rossini<\/a><br \/>\n<a href=\"https:\/\/www.idyllium.it\/index.php\/discografia\/classical\/c-saint-saens\/\">C. Saint-Sa\u00ebns<\/a><br \/>\n<a href=\"https:\/\/www.idyllium.it\/index.php\/discografia\/classical\/f-schubert\/\">F. Schubert<\/a><br \/>\n<a href=\"https:\/\/www.idyllium.it\/index.php\/discografia\/classical\/r-schumann\/\">R. Schumann<\/a><br \/>\n<a href=\"https:\/\/www.idyllium.it\/index.php\/discografia\/classical\/j-strauss-jr\/\">J. Strauss jr<\/a><br \/>\n<a href=\"https:\/\/www.idyllium.it\/index.php\/discografia\/classical\/p-tchaikovsky\/\">P. Tchaikovsky<\/a><br \/>\n<a href=\"https:\/\/www.idyllium.it\/index.php\/discografia\/classical\/f-m-veracini\/\">F.M. Veracini<\/a><br \/>\n<a href=\"https:\/\/www.idyllium.it\/index.php\/discografia\/classical\/g-verdi\/\">G. Verdi<\/a>\n<\/div>\n","protected":false},"excerpt":{"rendered":"<p>POP-DANCE JAZZ LATIN ETNHIC-LOUNGE INSTRUMENTAL SOUNDTRACK CHRISTMAS-GOSPEL OPERA RELIGION SACRED &nbsp; CLASSICAL J.S. Bach L.V. Beethoven G. Bizet F. Berwald L. Boccherini J. Brahms L. Cherubini F. Chopin D. Cimarosa F. Couperin C. Debussy A. Dvo\u0159\u00e1k B. Galuppi E. Grieg G.F. H\u00e4ndel J. Haydn F. H\u00e9rold F. Mendelssohn W.A. Mozart<\/p>\n","protected":false},"author":1,"featured_media":0,"parent":0,"menu_order":0,"comment_status":"closed","ping_status":"closed","template":"","meta":{"footnotes":""},"yoast_head":"<!-- This site is optimized with the Yoast SEO plugin v23.2 - https:\/\/yoast.com\/wordpress\/plugins\/seo\/ -->\r\n<title>DISCOGRAFIA - Idyllium<\/title>\r\n<meta name=\"robots\" content=\"index, follow, max-snippet:-1, max-image-preview:large, max-video-preview:-1\" \/>\r\n<link rel=\"canonical\" href=\"https:\/\/www.idyllium.it\/index.php\/discografia\/\" \/>\r\n<meta property=\"og:locale\" content=\"it_IT\" \/>\r\n<meta property=\"og:type\" content=\"article\" \/>\r\n<meta property=\"og:title\" content=\"DISCOGRAFIA - Idyllium\" \/>\r\n<meta property=\"og:description\" content=\"POP-DANCE JAZZ LATIN ETNHIC-LOUNGE INSTRUMENTAL SOUNDTRACK CHRISTMAS-GOSPEL OPERA RELIGION SACRED &nbsp; CLASSICAL J.S. Bach L.V. Beethoven G. Bizet F. Berwald L. Boccherini J. Brahms L. Cherubini F. Chopin D. Cimarosa F. Couperin C. Debussy A. Dvo\u0159\u00e1k B. Galuppi E. Grieg G.F. H\u00e4ndel J. Haydn F. H\u00e9rold F. Mendelssohn W.A. Mozart\" \/>\r\n<meta property=\"og:url\" content=\"https:\/\/www.idyllium.it\/index.php\/discografia\/\" \/>\r\n<meta property=\"og:site_name\" content=\"Idyllium\" \/>\r\n<meta property=\"article:modified_time\" content=\"2024-01-23T15:07:15+00:00\" \/>\r\n<meta name=\"twitter:card\" content=\"summary_large_image\" \/>\r\n<meta name=\"twitter:label1\" content=\"Tempo di lettura stimato\" \/>\n\t<meta name=\"twitter:data1\" content=\"1 minuto\" \/>\r\n<script type=\"application\/ld+json\" class=\"yoast-schema-graph\">{\"@context\":\"https:\/\/schema.org\",\"@graph\":[{\"@type\":\"WebPage\",\"@id\":\"https:\/\/www.idyllium.it\/index.php\/discografia\/\",\"url\":\"https:\/\/www.idyllium.it\/index.php\/discografia\/\",\"name\":\"DISCOGRAFIA - Idyllium\",\"isPartOf\":{\"@id\":\"https:\/\/www.idyllium.it\/#website\"},\"datePublished\":\"2016-11-21T12:33:33+00:00\",\"dateModified\":\"2024-01-23T15:07:15+00:00\",\"breadcrumb\":{\"@id\":\"https:\/\/www.idyllium.it\/index.php\/discografia\/#breadcrumb\"},\"inLanguage\":\"it-IT\",\"potentialAction\":[{\"@type\":\"ReadAction\",\"target\":[\"https:\/\/www.idyllium.it\/index.php\/discografia\/\"]}]},{\"@type\":\"BreadcrumbList\",\"@id\":\"https:\/\/www.idyllium.it\/index.php\/discografia\/#breadcrumb\",\"itemListElement\":[{\"@type\":\"ListItem\",\"position\":1,\"name\":\"Home\",\"item\":\"https:\/\/www.idyllium.it\/\"},{\"@type\":\"ListItem\",\"position\":2,\"name\":\"DISCOGRAFIA\"}]},{\"@type\":\"WebSite\",\"@id\":\"https:\/\/www.idyllium.it\/#website\",\"url\":\"https:\/\/www.idyllium.it\/\",\"name\":\"Idyllium\",\"description\":\"Music Publishing\",\"potentialAction\":[{\"@type\":\"SearchAction\",\"target\":{\"@type\":\"EntryPoint\",\"urlTemplate\":\"https:\/\/www.idyllium.it\/?s={search_term_string}\"},\"query-input\":\"required name=search_term_string\"}],\"inLanguage\":\"it-IT\"}]}<\/script>\r\n<!-- \/ Yoast SEO plugin. -->","yoast_head_json":{"title":"DISCOGRAFIA - Idyllium","robots":{"index":"index","follow":"follow","max-snippet":"max-snippet:-1","max-image-preview":"max-image-preview:large","max-video-preview":"max-video-preview:-1"},"canonical":"https:\/\/www.idyllium.it\/index.php\/discografia\/","og_locale":"it_IT","og_type":"article","og_title":"DISCOGRAFIA - Idyllium","og_description":"POP-DANCE JAZZ LATIN ETNHIC-LOUNGE INSTRUMENTAL SOUNDTRACK CHRISTMAS-GOSPEL OPERA RELIGION SACRED &nbsp; CLASSICAL J.S. Bach L.V. Beethoven G. Bizet F. Berwald L. Boccherini J. Brahms L. Cherubini F. Chopin D. Cimarosa F. Couperin C. Debussy A. Dvo\u0159\u00e1k B. Galuppi E. Grieg G.F. H\u00e4ndel J. Haydn F. H\u00e9rold F. Mendelssohn W.A. Mozart","og_url":"https:\/\/www.idyllium.it\/index.php\/discografia\/","og_site_name":"Idyllium","article_modified_time":"2024-01-23T15:07:15+00:00","twitter_card":"summary_large_image","twitter_misc":{"Tempo di lettura stimato":"1 minuto"},"schema":{"@context":"https:\/\/schema.org","@graph":[{"@type":"WebPage","@id":"https:\/\/www.idyllium.it\/index.php\/discografia\/","url":"https:\/\/www.idyllium.it\/index.php\/discografia\/","name":"DISCOGRAFIA - Idyllium","isPartOf":{"@id":"https:\/\/www.idyllium.it\/#website"},"datePublished":"2016-11-21T12:33:33+00:00","dateModified":"2024-01-23T15:07:15+00:00","breadcrumb":{"@id":"https:\/\/www.idyllium.it\/index.php\/discografia\/#breadcrumb"},"inLanguage":"it-IT","potentialAction":[{"@type":"ReadAction","target":["https:\/\/www.idyllium.it\/index.php\/discografia\/"]}]},{"@type":"BreadcrumbList","@id":"https:\/\/www.idyllium.it\/index.php\/discografia\/#breadcrumb","itemListElement":[{"@type":"ListItem","position":1,"name":"Home","item":"https:\/\/www.idyllium.it\/"},{"@type":"ListItem","position":2,"name":"DISCOGRAFIA"}]},{"@type":"WebSite","@id":"https:\/\/www.idyllium.it\/#website","url":"https:\/\/www.idyllium.it\/","name":"Idyllium","description":"Music Publishing","potentialAction":[{"@type":"SearchAction","target":{"@type":"EntryPoint","urlTemplate":"https:\/\/www.idyllium.it\/?s={search_term_string}"},"query-input":"required name=search_term_string"}],"inLanguage":"it-IT"}]}},"_links":{"self":[{"href":"https:\/\/www.idyllium.it\/index.php\/wp-json\/wp\/v2\/pages\/1997"}],"collection":[{"href":"https:\/\/www.idyllium.it\/index.php\/wp-json\/wp\/v2\/pages"}],"about":[{"href":"https:\/\/www.idyllium.it\/index.php\/wp-json\/wp\/v2\/types\/page"}],"author":[{"embeddable":true,"href":"https:\/\/www.idyllium.it\/index.php\/wp-json\/wp\/v2\/users\/1"}],"replies":[{"embeddable":true,"href":"https:\/\/www.idyllium.it\/index.php\/wp-json\/wp\/v2\/comments?post=1997"}],"version-history":[{"count":10,"href":"https:\/\/www.idyllium.it\/index.php\/wp-json\/wp\/v2\/pages\/1997\/revisions"}],"predecessor-version":[{"id":28461,"href":"https:\/\/www.idyllium.it\/index.php\/wp-json\/wp\/v2\/pages\/1997\/revisions\/28461"}],"wp:attachment":[{"href":"https:\/\/www.idyllium.it\/index.php\/wp-json\/wp\/v2\/media?parent=1997"}],"curies":[{"name":"wp","href":"https:\/\/api.w.org\/{rel}","templated":true}]}}