{"id":14,"date":"2014-08-25T12:39:26","date_gmt":"2014-08-25T10:39:26","guid":{"rendered":"http:\/\/plethorathemes.com\/dev\/cleanstart\/?page_id=14"},"modified":"2024-01-26T12:31:39","modified_gmt":"2024-01-26T11:31:39","slug":"servizi","status":"publish","type":"page","link":"https:\/\/www.idyllium.it\/index.php\/servizi\/","title":{"rendered":"SERVIZI"},"content":{"rendered":"<div class=\"wpb-content-wrapper\"><p>[vc_row][vc_column]\r\n\t<div class=\"startflow-spacer clearfix\" data-desktop=\"60\" data-mobi=\"40\" data-smobi=\"40\"><\/div>[vc_row_inner][vc_column_inner width=&#8221;1\/3&#8243;]<div class=\"startflow-single-heading clearfix \" style=\"margin-bottom:20px;\"><span class=\"inner\"><span class=\"heading clearfix  accent\" style=\"font-size:20px;\">\r\n\t\tIdyllium Music Publishing\r\n\t<\/span><\/span><\/div><div class=\"startflow-headings clearfix \"  style=\"\"><h2 class=\"heading clearfix \" style=\"margin-bottom:12px;\">\r\n\t\tDa oltre 20 anni nel settore discografico e della sincronizzazione\r\n\t<\/h2><p class=\"sub-heading clearfix\" style=\"font-style:normal;font-size:16px;line-height:29px;\">\r\n\t\tIl vasto catalogo di Idyllium comprende tutti i generi musicali; grazie alla nostra organizzazione e alla consorella Idyllium Ru che ha sede in Russia, alle Orchestre di Musica Sinfonica, da Camera e Cori, abbiamo un catalogo infinito di Musica Classica, sia di pubblico dominio, sia originale e siamo in grado di soddisfare ogni richiesta nell'ambito della Production Music.\r\n\t<\/p><\/div>\r\n\t<div class=\"startflow-spacer clearfix\" data-desktop=\"42\" data-mobi=\"30\" data-smobi=\"30\"><\/div>[\/vc_column_inner][vc_column_inner width=&#8221;2\/3&#8243;]<div class=\"startflow-icon-box clearfix icon-left align-left  simple\" style=\"\" ><div class=\"wrap-inner\" style=\"position: relative;\"><div class=\"startflow-icon icon-1243326903 accent custom\"  data-background=\"#ffffff\" data-border=\"#1292ee\" data-icon-hover=\"#ffffff\" data-background-hover=\"#1d2a2f\" data-border-hover=\"#1d2a2f\">\r\n\t\t\t\t<span class=\"icon\" style=\"font-size:42px;width:100px;height:100px;border-style:solid;border-width:1px;border-radius:50px;line-height:100px; box-shadow: 0px 15px 35px 0px rgba(0,0,0,0.05)\"><i class=\"pe-7s-musiclist\"><\/i><\/span>\r\n\t\t\t<\/div> <h3 class=\"heading \" style=\"padding-left:120px;font-size:22px;margin-bottom:25px;\">\r\n\t\t\t<span>Edizioni Musicali<\/span>\r\n\t\t<\/h3><div class=\"desc\" style=\"padding-left:120px;\"><p><strong>La IDYLLIUM Edizioni Musicali<\/strong> garantisce per le tue produzioni audiovisive, pubblicit\u00e0, film, televisione, sfilate di moda, e\u2026 tutto di pi\u00f9, una scelta di musiche ed effetti sonori di qualit\u00e0, mirate per i Tuoi progetti. Grazie a specifici accordi stipulati con la Siae, \u00e8 oggi possibile con un\u2019unica richiesta da presentare agli sportelli Siae, ottenere tutte le licenze necessarie per la realizzazione di supporti audiovisivi e multimediali leciti. Il rilascio della licenza \u00e8 immediato ed \u00e8 contestuale al pagamento dei compensi. La nostra struttura, si avvale della collaborazione di Musicisti altamente qualificati;\u00a0pertanto, siamo in grado di\u00a0 soddisfare le richieste di tutti i generi musicali,\u00a0da quello melodico commerciale, al pi\u00f9 ricercato dei generi. Se volete commissionare un genere musicale che soddisfi le Vs. esigenze, non esitate a contattarci, sar\u00e0 nostra premura mettere a disposizione i nostri Musicisti, per realizzare e selezionare il genere musicale scelto.<\/p>\n<\/div> <\/div><\/div>\r\n\t<div class=\"startflow-spacer clearfix\" data-desktop=\"70\" data-mobi=\"35\" data-smobi=\"35\"><\/div><div class=\"startflow-icon-box clearfix icon-left align-left  simple\" style=\"\" ><div class=\"wrap-inner\" style=\"position: relative;\"><div class=\"startflow-icon icon-18797186 accent custom\"  data-background=\"#ffffff\" data-border=\"#1292ee\" data-icon-hover=\"#ffffff\" data-background-hover=\"#1d2a2f\" data-border-hover=\"#1d2a2f\">\r\n\t\t\t\t<span class=\"icon\" style=\"font-size:40px;width:100px;height:100px;border-style:solid;border-width:1px;border-radius:50px;line-height:100px; box-shadow: 0px 15px 35px 0px rgba(0,0,0,0.05)\"><i class=\"pe-7s-music\"><\/i><\/span>\r\n\t\t\t<\/div> <h3 class=\"heading \" style=\"padding-left:120px;font-size:22px;margin-bottom:25px;\">\r\n\t\t\t<span>Consulenza musicale<\/span>\r\n\t\t<\/h3><div class=\"desc\" style=\"padding-left:120px;\"><p><strong>Musiche mirate<\/strong> per progetti speciali.<br \/>\nRealizzazioni di musiche su commissione per Film, Fiction, Spot, Sigle, Sitcom, Sport,TG ecc\u2026<br \/>\nGrazie alla nostra organizzazione e alle Orchestre di Musica Sinfonica, da Camera e Cori, abbiamo un catalogo infinito di Musica Classica, sia di pubblico dominio, sia originale e siamo in grado di soddisfare ogni richiesta nell\u2019ambito della Production Music.<\/p>\n<\/div> <\/div><\/div>\r\n\t<div class=\"startflow-spacer clearfix\" data-desktop=\"70\" data-mobi=\"35\" data-smobi=\"35\"><\/div><div class=\"startflow-icon-box clearfix icon-left align-left  simple\" style=\"\" ><div class=\"wrap-inner\" style=\"position: relative;\"><div class=\"startflow-icon icon-287267984 accent custom\"  data-background=\"#ffffff\" data-border=\"#1292ee\" data-icon-hover=\"#ffffff\" data-background-hover=\"#1d2a2f\" data-border-hover=\"#1d2a2f\">\r\n\t\t\t\t<span class=\"icon\" style=\"font-size:40px;width:100px;height:100px;border-style:solid;border-width:1px;border-radius:50px;line-height:100px; box-shadow: 0px 15px 35px 0px rgba(0,0,0,0.05)\"><i class=\"pe-7s-note2\"><\/i><\/span>\r\n\t\t\t<\/div> <h3 class=\"heading \" style=\"padding-left:120px;font-size:22px;margin-bottom:25px;\">\r\n\t\t\t<span>Espletamento pratiche Siae<\/span>\r\n\t\t<\/h3><div class=\"desc\" style=\"padding-left:120px;\"><p>Voi state comodi, al resto ci pensiamo noi!<br \/>\n<strong>Pratiche SIAE:<\/strong>\u00a0Nessun problema, ci pensiamo noi ovunque voi siate,\u00a0 garantiamo un servizio e assistenza di qualit\u00e0. per informazioni: <a href=\"mailto:info@idyllium.it\">info@idyllium.it<\/a>.<\/p>\n<\/div> <\/div><\/div>\r\n\t<div class=\"startflow-spacer clearfix\" data-desktop=\"0\" data-mobi=\"35\" data-smobi=\"35\"><\/div>[\/vc_column_inner][\/vc_row_inner]\r\n\t<div class=\"startflow-spacer clearfix\" data-desktop=\"92\" data-mobi=\"60\" data-smobi=\"60\"><\/div>[\/vc_column][\/vc_row][vc_row css_animation=&#8221;fadeInUp&#8221; css=&#8221;.vc_custom_1706093887164{background-image: url(https:\/\/www.idyllium.it\/wp-content\/uploads\/2024\/01\/idyllium-orchestra-sfondo.jpg?id=28356) !important;background-position: center !important;background-repeat: no-repeat !important;background-size: cover !important;}&#8221;][vc_column]\r\n\t<div class=\"startflow-spacer clearfix\" data-desktop=\"90\" data-mobi=\"60\" data-smobi=\"60\"><\/div><div class=\"startflow-headings clearfix text-center\" data-font=42 data-mfont=36 style=\"\"><h2 class=\"heading clearfix \" style=\"font-weight:300;color:#ffffff;font-size:42px;\">\r\n\t\tLe nostre musiche sono anche nella serie TV nazionale Russa \u201cMOLODOJ VOLKODAV\u201d\r\n\t<\/h2><\/div>[vc_single_image image=&#8221;28753&#8243; alignment=&#8221;center&#8221; css=&#8221;.vc_custom_1706268696870{margin-top: 30px !important;}&#8221;]\r\n\t<div class=\"startflow-spacer clearfix\" data-desktop=\"100\" data-mobi=\"60\" data-smobi=\"60\"><\/div>[\/vc_column][\/vc_row][vc_row css_animation=&#8221;fadeInUp&#8221; title_header=&#8221;Alcuni dei film con le nostre musiche&#8221;][vc_column][vc_empty_space height=&#8221;80px&#8221;][vc_column_text]<\/p>\n<h2 style=\"text-align: center;\">ALCUNI FILM CON LE NOSTRE MUSICHE<\/h2>\n<p>[\/vc_column_text][vc_media_grid item=&#8221;masonryMedia_Default&#8221; grid_id=&#8221;vc_gid:1706268677204-6adc6817-bd79-9&#8243; images=&#8221;4009,1980,3990,17308,1973,1978,1979,3841&#8243; include=&#8221;4009,1980,3990,17308,1973,1978,1979,3841&#8243;][\/vc_column][\/vc_row]<\/p>\n<\/div>","protected":false},"excerpt":{"rendered":"<p>[vc_row][vc_column][vc_row_inner][vc_column_inner width=&#8221;1\/3&#8243;][\/vc_column_inner][vc_column_inner width=&#8221;2\/3&#8243;][\/vc_column_inner][\/vc_row_inner][\/vc_column][\/vc_row][vc_row css_animation=&#8221;fadeInUp&#8221; css=&#8221;.vc_custom_1706093887164{background-image: url(https:\/\/www.idyllium.it\/wp-content\/uploads\/2024\/01\/idyllium-orchestra-sfondo.jpg?id=28356) !important;background-position: center !important;background-repeat: no-repeat !important;background-size: cover !important;}&#8221;][vc_column][vc_single_image image=&#8221;28753&#8243; alignment=&#8221;center&#8221; css=&#8221;.vc_custom_1706268696870{margin-top: 30px !important;}&#8221;][\/vc_column][\/vc_row][vc_row css_animation=&#8221;fadeInUp&#8221; title_header=&#8221;Alcuni dei film con le nostre musiche&#8221;][vc_column][vc_empty_space height=&#8221;80px&#8221;][vc_column_text] ALCUNI FILM CON LE NOSTRE MUSICHE [\/vc_column_text][vc_media_grid item=&#8221;masonryMedia_Default&#8221; grid_id=&#8221;vc_gid:1706268677204-6adc6817-bd79-9&#8243; images=&#8221;4009,1980,3990,17308,1973,1978,1979,3841&#8243; include=&#8221;4009,1980,3990,17308,1973,1978,1979,3841&#8243;][\/vc_column][\/vc_row]<\/p>\n","protected":false},"author":1,"featured_media":115,"parent":0,"menu_order":3,"comment_status":"closed","ping_status":"closed","template":"","meta":{"footnotes":""},"yoast_head":"<!-- This site is optimized with the Yoast SEO plugin v23.2 - https:\/\/yoast.com\/wordpress\/plugins\/seo\/ -->\r\n<title>SERVIZI - Idyllium<\/title>\r\n<meta name=\"robots\" content=\"index, follow, max-snippet:-1, max-image-preview:large, max-video-preview:-1\" \/>\r\n<link rel=\"canonical\" href=\"https:\/\/www.idyllium.it\/index.php\/servizi\/\" \/>\r\n<meta property=\"og:locale\" content=\"it_IT\" \/>\r\n<meta property=\"og:type\" content=\"article\" \/>\r\n<meta property=\"og:title\" content=\"SERVIZI - Idyllium\" \/>\r\n<meta property=\"og:description\" content=\"[vc_row][vc_column][vc_row_inner][vc_column_inner width=&#8221;1\/3&#8243;][\/vc_column_inner][vc_column_inner width=&#8221;2\/3&#8243;][\/vc_column_inner][\/vc_row_inner][\/vc_column][\/vc_row][vc_row css_animation=&#8221;fadeInUp&#8221; css=&#8221;.vc_custom_1706093887164{background-image: url(https:\/\/www.idyllium.it\/wp-content\/uploads\/2024\/01\/idyllium-orchestra-sfondo.jpg?id=28356) !important;background-position: center !important;background-repeat: no-repeat !important;background-size: cover !important;}&#8221;][vc_column][vc_single_image image=&#8221;28753&#8243; alignment=&#8221;center&#8221; css=&#8221;.vc_custom_1706268696870{margin-top: 30px !important;}&#8221;][\/vc_column][\/vc_row][vc_row css_animation=&#8221;fadeInUp&#8221; title_header=&#8221;Alcuni dei film con le nostre musiche&#8221;][vc_column][vc_empty_space height=&#8221;80px&#8221;][vc_column_text] ALCUNI FILM CON LE NOSTRE MUSICHE [\/vc_column_text][vc_media_grid item=&#8221;masonryMedia_Default&#8221; grid_id=&#8221;vc_gid:1706268677204-6adc6817-bd79-9&#8243; images=&#8221;4009,1980,3990,17308,1973,1978,1979,3841&#8243; include=&#8221;4009,1980,3990,17308,1973,1978,1979,3841&#8243;][\/vc_column][\/vc_row]\" \/>\r\n<meta property=\"og:url\" content=\"https:\/\/www.idyllium.it\/index.php\/servizi\/\" \/>\r\n<meta property=\"og:site_name\" content=\"Idyllium\" \/>\r\n<meta property=\"article:modified_time\" content=\"2024-01-26T11:31:39+00:00\" \/>\r\n<meta property=\"og:image\" content=\"https:\/\/www.idyllium.it\/wp-content\/uploads\/2014\/08\/services.jpg\" \/>\r\n\t<meta property=\"og:image:width\" content=\"1920\" \/>\r\n\t<meta property=\"og:image:height\" content=\"800\" \/>\r\n\t<meta property=\"og:image:type\" content=\"image\/jpeg\" \/>\r\n<meta name=\"twitter:card\" content=\"summary_large_image\" \/>\r\n<meta name=\"twitter:label1\" content=\"Tempo di lettura stimato\" \/>\n\t<meta name=\"twitter:data1\" content=\"3 minuti\" \/>\r\n<script type=\"application\/ld+json\" class=\"yoast-schema-graph\">{\"@context\":\"https:\/\/schema.org\",\"@graph\":[{\"@type\":\"WebPage\",\"@id\":\"https:\/\/www.idyllium.it\/index.php\/servizi\/\",\"url\":\"https:\/\/www.idyllium.it\/index.php\/servizi\/\",\"name\":\"SERVIZI - Idyllium\",\"isPartOf\":{\"@id\":\"https:\/\/www.idyllium.it\/#website\"},\"primaryImageOfPage\":{\"@id\":\"https:\/\/www.idyllium.it\/index.php\/servizi\/#primaryimage\"},\"image\":{\"@id\":\"https:\/\/www.idyllium.it\/index.php\/servizi\/#primaryimage\"},\"thumbnailUrl\":\"https:\/\/www.idyllium.it\/wp-content\/uploads\/2014\/08\/services.jpg\",\"datePublished\":\"2014-08-25T10:39:26+00:00\",\"dateModified\":\"2024-01-26T11:31:39+00:00\",\"breadcrumb\":{\"@id\":\"https:\/\/www.idyllium.it\/index.php\/servizi\/#breadcrumb\"},\"inLanguage\":\"it-IT\",\"potentialAction\":[{\"@type\":\"ReadAction\",\"target\":[\"https:\/\/www.idyllium.it\/index.php\/servizi\/\"]}]},{\"@type\":\"ImageObject\",\"inLanguage\":\"it-IT\",\"@id\":\"https:\/\/www.idyllium.it\/index.php\/servizi\/#primaryimage\",\"url\":\"https:\/\/www.idyllium.it\/wp-content\/uploads\/2014\/08\/services.jpg\",\"contentUrl\":\"https:\/\/www.idyllium.it\/wp-content\/uploads\/2014\/08\/services.jpg\",\"width\":1920,\"height\":800},{\"@type\":\"BreadcrumbList\",\"@id\":\"https:\/\/www.idyllium.it\/index.php\/servizi\/#breadcrumb\",\"itemListElement\":[{\"@type\":\"ListItem\",\"position\":1,\"name\":\"Home\",\"item\":\"https:\/\/www.idyllium.it\/\"},{\"@type\":\"ListItem\",\"position\":2,\"name\":\"SERVIZI\"}]},{\"@type\":\"WebSite\",\"@id\":\"https:\/\/www.idyllium.it\/#website\",\"url\":\"https:\/\/www.idyllium.it\/\",\"name\":\"Idyllium\",\"description\":\"Music Publishing\",\"potentialAction\":[{\"@type\":\"SearchAction\",\"target\":{\"@type\":\"EntryPoint\",\"urlTemplate\":\"https:\/\/www.idyllium.it\/?s={search_term_string}\"},\"query-input\":\"required name=search_term_string\"}],\"inLanguage\":\"it-IT\"}]}<\/script>\r\n<!-- \/ Yoast SEO plugin. -->","yoast_head_json":{"title":"SERVIZI - Idyllium","robots":{"index":"index","follow":"follow","max-snippet":"max-snippet:-1","max-image-preview":"max-image-preview:large","max-video-preview":"max-video-preview:-1"},"canonical":"https:\/\/www.idyllium.it\/index.php\/servizi\/","og_locale":"it_IT","og_type":"article","og_title":"SERVIZI - Idyllium","og_description":"[vc_row][vc_column][vc_row_inner][vc_column_inner width=&#8221;1\/3&#8243;][\/vc_column_inner][vc_column_inner width=&#8221;2\/3&#8243;][\/vc_column_inner][\/vc_row_inner][\/vc_column][\/vc_row][vc_row css_animation=&#8221;fadeInUp&#8221; css=&#8221;.vc_custom_1706093887164{background-image: url(https:\/\/www.idyllium.it\/wp-content\/uploads\/2024\/01\/idyllium-orchestra-sfondo.jpg?id=28356) !important;background-position: center !important;background-repeat: no-repeat !important;background-size: cover !important;}&#8221;][vc_column][vc_single_image image=&#8221;28753&#8243; alignment=&#8221;center&#8221; css=&#8221;.vc_custom_1706268696870{margin-top: 30px !important;}&#8221;][\/vc_column][\/vc_row][vc_row css_animation=&#8221;fadeInUp&#8221; title_header=&#8221;Alcuni dei film con le nostre musiche&#8221;][vc_column][vc_empty_space height=&#8221;80px&#8221;][vc_column_text] ALCUNI FILM CON LE NOSTRE MUSICHE [\/vc_column_text][vc_media_grid item=&#8221;masonryMedia_Default&#8221; grid_id=&#8221;vc_gid:1706268677204-6adc6817-bd79-9&#8243; images=&#8221;4009,1980,3990,17308,1973,1978,1979,3841&#8243; include=&#8221;4009,1980,3990,17308,1973,1978,1979,3841&#8243;][\/vc_column][\/vc_row]","og_url":"https:\/\/www.idyllium.it\/index.php\/servizi\/","og_site_name":"Idyllium","article_modified_time":"2024-01-26T11:31:39+00:00","og_image":[{"width":1920,"height":800,"url":"https:\/\/www.idyllium.it\/wp-content\/uploads\/2014\/08\/services.jpg","type":"image\/jpeg"}],"twitter_card":"summary_large_image","twitter_misc":{"Tempo di lettura stimato":"3 minuti"},"schema":{"@context":"https:\/\/schema.org","@graph":[{"@type":"WebPage","@id":"https:\/\/www.idyllium.it\/index.php\/servizi\/","url":"https:\/\/www.idyllium.it\/index.php\/servizi\/","name":"SERVIZI - Idyllium","isPartOf":{"@id":"https:\/\/www.idyllium.it\/#website"},"primaryImageOfPage":{"@id":"https:\/\/www.idyllium.it\/index.php\/servizi\/#primaryimage"},"image":{"@id":"https:\/\/www.idyllium.it\/index.php\/servizi\/#primaryimage"},"thumbnailUrl":"https:\/\/www.idyllium.it\/wp-content\/uploads\/2014\/08\/services.jpg","datePublished":"2014-08-25T10:39:26+00:00","dateModified":"2024-01-26T11:31:39+00:00","breadcrumb":{"@id":"https:\/\/www.idyllium.it\/index.php\/servizi\/#breadcrumb"},"inLanguage":"it-IT","potentialAction":[{"@type":"ReadAction","target":["https:\/\/www.idyllium.it\/index.php\/servizi\/"]}]},{"@type":"ImageObject","inLanguage":"it-IT","@id":"https:\/\/www.idyllium.it\/index.php\/servizi\/#primaryimage","url":"https:\/\/www.idyllium.it\/wp-content\/uploads\/2014\/08\/services.jpg","contentUrl":"https:\/\/www.idyllium.it\/wp-content\/uploads\/2014\/08\/services.jpg","width":1920,"height":800},{"@type":"BreadcrumbList","@id":"https:\/\/www.idyllium.it\/index.php\/servizi\/#breadcrumb","itemListElement":[{"@type":"ListItem","position":1,"name":"Home","item":"https:\/\/www.idyllium.it\/"},{"@type":"ListItem","position":2,"name":"SERVIZI"}]},{"@type":"WebSite","@id":"https:\/\/www.idyllium.it\/#website","url":"https:\/\/www.idyllium.it\/","name":"Idyllium","description":"Music Publishing","potentialAction":[{"@type":"SearchAction","target":{"@type":"EntryPoint","urlTemplate":"https:\/\/www.idyllium.it\/?s={search_term_string}"},"query-input":"required name=search_term_string"}],"inLanguage":"it-IT"}]}},"_links":{"self":[{"href":"https:\/\/www.idyllium.it\/index.php\/wp-json\/wp\/v2\/pages\/14"}],"collection":[{"href":"https:\/\/www.idyllium.it\/index.php\/wp-json\/wp\/v2\/pages"}],"about":[{"href":"https:\/\/www.idyllium.it\/index.php\/wp-json\/wp\/v2\/types\/page"}],"author":[{"embeddable":true,"href":"https:\/\/www.idyllium.it\/index.php\/wp-json\/wp\/v2\/users\/1"}],"replies":[{"embeddable":true,"href":"https:\/\/www.idyllium.it\/index.php\/wp-json\/wp\/v2\/comments?post=14"}],"version-history":[{"count":12,"href":"https:\/\/www.idyllium.it\/index.php\/wp-json\/wp\/v2\/pages\/14\/revisions"}],"predecessor-version":[{"id":28755,"href":"https:\/\/www.idyllium.it\/index.php\/wp-json\/wp\/v2\/pages\/14\/revisions\/28755"}],"wp:featuredmedia":[{"embeddable":true,"href":"https:\/\/www.idyllium.it\/index.php\/wp-json\/wp\/v2\/media\/115"}],"wp:attachment":[{"href":"https:\/\/www.idyllium.it\/index.php\/wp-json\/wp\/v2\/media?parent=14"}],"curies":[{"name":"wp","href":"https:\/\/api.w.org\/{rel}","templated":true}]}}